{"id":6630,"date":"2016-03-31T11:25:15","date_gmt":"2016-03-31T11:25:15","guid":{"rendered":"https:\/\/www.valicodeipellegrini.it\/fr\/?page_id=6630"},"modified":"2016-03-31T14:46:33","modified_gmt":"2016-03-31T14:46:33","slug":"politique-de-confidentialite","status":"publish","type":"page","link":"https:\/\/www.valicodeipellegrini.it\/fr\/politique-de-confidentialite\/","title":{"rendered":"Politique de confidentialit\u00e9"},"content":{"rendered":"<p>Politique de confidentialit\u00e9 aux sens de l&rsquo;art. 13 du d\u00e9cret l\u00e9gislatif italien n\u00b0 196 du 30 juin 2003, \u00e9tablissant le Code en mati\u00e8re de protection des donn\u00e9es personnelles. Conform\u00e9ment \u00e0 l&rsquo;article 13 du d\u00e9cret l\u00e9gislatif susmentionn\u00e9, nous vous informons que les donn\u00e9es personnelles que vous fournissez volontairement pour l&rsquo;activation des services requis seront trait\u00e9es par MLSS Azienda Agricola e Agrituristica, la soci\u00e9t\u00e9 qui g\u00e8re le site https:\/\/www.valicodeipellegrini.it, en adoptant les mesures appropri\u00e9es pour garantir leur s\u00e9curit\u00e9 et leur confidentialit\u00e9, conform\u00e9ment \u00e0 la r\u00e8glementation pr\u00e9c\u00e9demment cit\u00e9e.<\/p>\n<p>1. Collecte des informations<\/p>\n<p>1.1 La pr\u00e9sente politique de confidentialit\u00e9 concerne les donn\u00e9es collect\u00e9es \u00e0 travers les sections pr\u00e9sentes en correspondance du service \u00abDemande d&rsquo;informations\u00bb.<\/p>\n<p>1.2 Toute demande d&rsquo;information est contr\u00f4l\u00e9e par MLSS Azienda Agricola e Agrituristica. gr\u00e2ce \u00e0 un syst\u00e8me qui exige la saisie d&rsquo;un code de confirmation (Captcha); cette proc\u00e9dure vise \u00e0 \u00e9viter que des programmes automatis\u00e9s puissent effectuer des demandes d&rsquo;informations.<\/p>\n<p>2. Finalit\u00e9s et modalit\u00e9s du traitement des donn\u00e9es<\/p>\n<p>2.1 Les donn\u00e9es collect\u00e9es dans le cadre des hypoth\u00e8ses vis\u00e9es au point 1.1 sont trait\u00e9es exclusivement dans les finalit\u00e9s suivantes:<\/p>\n<p>instaurer des rapports avec les utilisateurs, notamment pour r\u00e9pondre aux demandes d&rsquo;informations et d&rsquo;assistance envoyer des communications relatives aux nouvelles initiatives du site staging.valicodeipellegrini.it effectuer des analyses statistiques remplir les obligations impos\u00e9es par la loi<\/p>\n<p>2.2 Les traitements seront effectu\u00e9s soit manuellement, soit avec des moyens \u00e9lectroniques ou automatis\u00e9s, et comprennent, dans les limites et selon les conditions \u00e9tablies par l&rsquo;article 11 du d\u00e9cret l\u00e9gislatif italien 196\/03, toutes les op\u00e9rations ou l&rsquo;ensemble d&rsquo;op\u00e9rations d\u00e9sign\u00e9s par ce d\u00e9cret par le terme de \u00abtraitement\u00bb.<\/p>\n<p>3. Nature de la transmission des donn\u00e9es<\/p>\n<p>3.1 La transmission des donn\u00e9es personnelles est facultative. Toutefois, l&rsquo;absence de transmission, m\u00eame partielle, des donn\u00e9es requises dans les champs obligatoires des diff\u00e9rents formulaires emp\u00eachera MLSS Azienda Agricola e Agrituristica de proc\u00e9der \u00e0 la fourniture compl\u00e8te des services propos\u00e9s sur le site staging.valicodeipellegrini.it.<\/p>\n<p>4. Communication et diffusion des donn\u00e9es<\/p>\n<p>4.1 Les donn\u00e9es personnelles collect\u00e9es ne seront pas diffus\u00e9e ni communiqu\u00e9es \u00e0 des tiers, sauf dans les cas pr\u00e9vus par la politique de confidentialit\u00e9 et\/ou parla loi et, en tout cas, selon les modalit\u00e9s permises par celle-ci.<\/p>\n<p>5. Droits de l&rsquo;int\u00e9ress\u00e9<\/p>\n<p>5.1 Correction\/Mise \u00e0 jour des donn\u00e9es personnelles.<\/p>\n<p>L&rsquo;art. 7 du d\u00e9cret l\u00e9gislatif italien 196\/2003 donne \u00e0 l&rsquo;int\u00e9ress\u00e9 la possibilit\u00e9 d&rsquo;exercer des droits sp\u00e9cifiques. En particulier:<\/p>\n<p>L&rsquo;int\u00e9ress\u00e9 a le droit d&rsquo;obtenir la confirmation de l&rsquo;existence ou non de donn\u00e9es personnelles le concernant, m\u00eame si elles ne sont pas encore enregistr\u00e9es, et leur communication sous forme intelligible.<br \/>\nL&rsquo;int\u00e9ress\u00e9 a le droit d&rsquo;obtenir l&rsquo;indication:<br \/>\nde l&rsquo;origine des donn\u00e9es personnelles;<br \/>\ndes finalit\u00e9s et des modalit\u00e9s du traitement;<br \/>\nde la logique appliqu\u00e9e en cas de traitement effectu\u00e9 \u00e0 l&rsquo;aide d&rsquo;instruments \u00e9lectroniques;<br \/>\ndes donn\u00e9es d&rsquo;identification du titulaire, des responsables et du repr\u00e9sentant d\u00e9sign\u00e9 aux sens de l&rsquo;article 5, alin\u00e9a 2;<br \/>\ndes sujets ou des cat\u00e9gories de sujets auxquels les donn\u00e9es personnelles peuvent \u00eatre communiqu\u00e9es ou qui peuvent en prendre connaissance en tant que repr\u00e9sentant d\u00e9sign\u00e9 sur le territoire national, responsables ou personnes pr\u00e9pos\u00e9e.<br \/>\nL&rsquo;int\u00e9ress\u00e9 a le droit d&rsquo;obtenir:<br \/>\nla mise \u00e0 jour, la rectification ou, s&rsquo;il y a int\u00e9r\u00eat, le compl\u00e9ment des donn\u00e9es;<br \/>\nla suppression, la transformation sous forme anonyme ou le blocage des donn\u00e9es trait\u00e9es en violation de la loi, y compris celles dont la conservation n&rsquo;est pas n\u00e9cessaire au vu des objectifs pour lesquels les donn\u00e9es ont \u00e9t\u00e9 collect\u00e9es ou successivement trait\u00e9es;<br \/>\nL&rsquo;attestation que les op\u00e9rations vis\u00e9es aux lettres a) et b) et leur contenu ont \u00e9t\u00e9 mis \u00e0 la connaissance des personnes dont les donn\u00e9es ont \u00e9t\u00e9 communiqu\u00e9es ou diffus\u00e9es, sauf dans le cas o\u00f9 cela s&rsquo;av\u00e8re impossible ou implique l&rsquo;utilisation de moyens disproportionn\u00e9s par rapport au droit prot\u00e9g\u00e9.<br \/>\nL&rsquo;int\u00e9ress\u00e9 a le droit de s&rsquo;opposer, totalement ou partiellement:<br \/>\npour des motifs l\u00e9gitimes, au traitement des donn\u00e9es personnelles qui le concernent, m\u00eame si elles sont pertinentes du point de vue de l&rsquo;objectif de la collecte;<br \/>\nau traitement des donn\u00e9es personnelles qui le concernent pour l&rsquo;envoi de mat\u00e9riel publicitaire ou de vente directe, ou bien pour l&rsquo;ex\u00e9cution d&rsquo;\u00e9tudes de march\u00e9 ou de communication commerciale.<\/p>\n<p>Ces droits peuvent s&rsquo;exercer en envoyant un courrier \u00e9lectronique \u00e0 info@valicodeipellegrini.it.<\/p>\n<p>6. Titulaire et Responsable du traitement<br \/>\nLe titulaire et responsable du traitement est la soci\u00e9t\u00e9 MLSS Azienda Agricola e Agrituristica, sise Via Ancara, 1 \u2013 Spoleto \u2013 06049 (PG) \u2013 Italie.<\/p>\n","protected":false},"excerpt":{"rendered":"<p>Politique de confidentialit\u00e9 aux sens de l&rsquo;art. 13 du d\u00e9cret l\u00e9gislatif italien n\u00b0 196 du 30 juin 2003, \u00e9tablissant le Code en mati\u00e8re de protection des donn\u00e9es personnelles. Conform\u00e9ment \u00e0 l&rsquo;article 13 du d\u00e9cret l\u00e9gislatif susmentionn\u00e9, nous vous informons que les donn\u00e9es personnelles que vous fournissez volontairement pour l&rsquo;activation des services requis seront trait\u00e9es par MLSS Azienda Agricola e Agrituristica, la soci\u00e9t\u00e9 qui g\u00e8re le site https:\/\/www.valicodeipellegrini.it, en adoptant les mesures appropri\u00e9es pour garantir leur s\u00e9curit\u00e9 et leur confidentialit\u00e9, conform\u00e9ment [&hellip;]<\/p>\n","protected":false},"author":1,"featured_media":0,"parent":0,"menu_order":0,"comment_status":"closed","ping_status":"closed","template":"","meta":{"footnotes":""},"class_list":["post-6630","page","type-page","status-publish","hentry"],"yoast_head":"<!-- This site is optimized with the Yoast SEO plugin v27.0 - https:\/\/yoast.com\/product\/yoast-seo-wordpress\/ -->\n<title>Politique de confidentialit\u00e9 - Agriturismo Valico dei Pellegrini<\/title>\n<meta name=\"robots\" content=\"index, follow, max-snippet:-1, max-image-preview:large, max-video-preview:-1\" \/>\n<link rel=\"canonical\" href=\"https:\/\/www.valicodeipellegrini.it\/?page_id=6018\" \/>\n<meta property=\"og:locale\" content=\"fr_FR\" \/>\n<meta property=\"og:type\" content=\"article\" \/>\n<meta property=\"og:title\" content=\"Politique de confidentialit\u00e9 - Agriturismo Valico dei Pellegrini\" \/>\n<meta property=\"og:description\" content=\"Politique de confidentialit\u00e9 aux sens de l&rsquo;art. 13 du d\u00e9cret l\u00e9gislatif italien n\u00b0 196 du 30 juin 2003, \u00e9tablissant le Code en mati\u00e8re de protection des donn\u00e9es personnelles. Conform\u00e9ment \u00e0 l&rsquo;article 13 du d\u00e9cret l\u00e9gislatif susmentionn\u00e9, nous vous informons que les donn\u00e9es personnelles que vous fournissez volontairement pour l&rsquo;activation des services requis seront trait\u00e9es par MLSS Azienda Agricola e Agrituristica, la soci\u00e9t\u00e9 qui g\u00e8re le site https:\/\/www.valicodeipellegrini.it, en adoptant les mesures appropri\u00e9es pour garantir leur s\u00e9curit\u00e9 et leur confidentialit\u00e9, conform\u00e9ment [&hellip;]\" \/>\n<meta property=\"og:url\" content=\"https:\/\/www.valicodeipellegrini.it\/?page_id=6018\" \/>\n<meta property=\"og:site_name\" content=\"Agriturismo Valico dei Pellegrini\" \/>\n<meta property=\"article:modified_time\" content=\"2016-03-31T14:46:33+00:00\" \/>\n<meta name=\"twitter:card\" content=\"summary_large_image\" \/>\n<meta name=\"twitter:label1\" content=\"Dur\u00e9e de lecture estim\u00e9e\" \/>\n\t<meta name=\"twitter:data1\" content=\"4 minutes\" \/>\n<script type=\"application\/ld+json\" class=\"yoast-schema-graph\">{\"@context\":\"https:\/\/schema.org\",\"@graph\":[{\"@type\":\"WebPage\",\"@id\":\"https:\/\/www.valicodeipellegrini.it\/?page_id=6018\",\"url\":\"https:\/\/www.valicodeipellegrini.it\/?page_id=6018\",\"name\":\"Politique de confidentialit\u00e9 - Agriturismo Valico dei Pellegrini\",\"isPartOf\":{\"@id\":\"https:\/\/www.valicodeipellegrini.it\/#website\"},\"datePublished\":\"2016-03-31T11:25:15+00:00\",\"dateModified\":\"2016-03-31T14:46:33+00:00\",\"breadcrumb\":{\"@id\":\"https:\/\/www.valicodeipellegrini.it\/?page_id=6018#breadcrumb\"},\"inLanguage\":\"fr-FR\",\"potentialAction\":[{\"@type\":\"ReadAction\",\"target\":[\"https:\/\/www.valicodeipellegrini.it\/?page_id=6018\"]}]},{\"@type\":\"BreadcrumbList\",\"@id\":\"https:\/\/www.valicodeipellegrini.it\/?page_id=6018#breadcrumb\",\"itemListElement\":[{\"@type\":\"ListItem\",\"position\":1,\"name\":\"Home\",\"item\":\"https:\/\/www.valicodeipellegrini.it\/fr\/\"},{\"@type\":\"ListItem\",\"position\":2,\"name\":\"Politique de confidentialit\u00e9\"}]},{\"@type\":\"WebSite\",\"@id\":\"https:\/\/www.valicodeipellegrini.it\/#website\",\"url\":\"https:\/\/www.valicodeipellegrini.it\/\",\"name\":\"Agriturismo Valico dei Pellegrini\",\"description\":\"Natura e relax in Umbria\",\"potentialAction\":[{\"@type\":\"SearchAction\",\"target\":{\"@type\":\"EntryPoint\",\"urlTemplate\":\"https:\/\/www.valicodeipellegrini.it\/?s={search_term_string}\"},\"query-input\":{\"@type\":\"PropertyValueSpecification\",\"valueRequired\":true,\"valueName\":\"search_term_string\"}}],\"inLanguage\":\"fr-FR\"}]}<\/script>\n<!-- \/ Yoast SEO plugin. -->","yoast_head_json":{"title":"Politique de confidentialit\u00e9 - Agriturismo Valico dei Pellegrini","robots":{"index":"index","follow":"follow","max-snippet":"max-snippet:-1","max-image-preview":"max-image-preview:large","max-video-preview":"max-video-preview:-1"},"canonical":"https:\/\/www.valicodeipellegrini.it\/?page_id=6018","og_locale":"fr_FR","og_type":"article","og_title":"Politique de confidentialit\u00e9 - Agriturismo Valico dei Pellegrini","og_description":"Politique de confidentialit\u00e9 aux sens de l&rsquo;art. 13 du d\u00e9cret l\u00e9gislatif italien n\u00b0 196 du 30 juin 2003, \u00e9tablissant le Code en mati\u00e8re de protection des donn\u00e9es personnelles. Conform\u00e9ment \u00e0 l&rsquo;article 13 du d\u00e9cret l\u00e9gislatif susmentionn\u00e9, nous vous informons que les donn\u00e9es personnelles que vous fournissez volontairement pour l&rsquo;activation des services requis seront trait\u00e9es par MLSS Azienda Agricola e Agrituristica, la soci\u00e9t\u00e9 qui g\u00e8re le site https:\/\/www.valicodeipellegrini.it, en adoptant les mesures appropri\u00e9es pour garantir leur s\u00e9curit\u00e9 et leur confidentialit\u00e9, conform\u00e9ment [&hellip;]","og_url":"https:\/\/www.valicodeipellegrini.it\/?page_id=6018","og_site_name":"Agriturismo Valico dei Pellegrini","article_modified_time":"2016-03-31T14:46:33+00:00","twitter_card":"summary_large_image","twitter_misc":{"Dur\u00e9e de lecture estim\u00e9e":"4 minutes"},"schema":{"@context":"https:\/\/schema.org","@graph":[{"@type":"WebPage","@id":"https:\/\/www.valicodeipellegrini.it\/?page_id=6018","url":"https:\/\/www.valicodeipellegrini.it\/?page_id=6018","name":"Politique de confidentialit\u00e9 - Agriturismo Valico dei Pellegrini","isPartOf":{"@id":"https:\/\/www.valicodeipellegrini.it\/#website"},"datePublished":"2016-03-31T11:25:15+00:00","dateModified":"2016-03-31T14:46:33+00:00","breadcrumb":{"@id":"https:\/\/www.valicodeipellegrini.it\/?page_id=6018#breadcrumb"},"inLanguage":"fr-FR","potentialAction":[{"@type":"ReadAction","target":["https:\/\/www.valicodeipellegrini.it\/?page_id=6018"]}]},{"@type":"BreadcrumbList","@id":"https:\/\/www.valicodeipellegrini.it\/?page_id=6018#breadcrumb","itemListElement":[{"@type":"ListItem","position":1,"name":"Home","item":"https:\/\/www.valicodeipellegrini.it\/fr\/"},{"@type":"ListItem","position":2,"name":"Politique de confidentialit\u00e9"}]},{"@type":"WebSite","@id":"https:\/\/www.valicodeipellegrini.it\/#website","url":"https:\/\/www.valicodeipellegrini.it\/","name":"Agriturismo Valico dei Pellegrini","description":"Natura e relax in Umbria","potentialAction":[{"@type":"SearchAction","target":{"@type":"EntryPoint","urlTemplate":"https:\/\/www.valicodeipellegrini.it\/?s={search_term_string}"},"query-input":{"@type":"PropertyValueSpecification","valueRequired":true,"valueName":"search_term_string"}}],"inLanguage":"fr-FR"}]}},"_links":{"self":[{"href":"https:\/\/www.valicodeipellegrini.it\/fr\/wp-json\/wp\/v2\/pages\/6630","targetHints":{"allow":["GET"]}}],"collection":[{"href":"https:\/\/www.valicodeipellegrini.it\/fr\/wp-json\/wp\/v2\/pages"}],"about":[{"href":"https:\/\/www.valicodeipellegrini.it\/fr\/wp-json\/wp\/v2\/types\/page"}],"author":[{"embeddable":true,"href":"https:\/\/www.valicodeipellegrini.it\/fr\/wp-json\/wp\/v2\/users\/1"}],"replies":[{"embeddable":true,"href":"https:\/\/www.valicodeipellegrini.it\/fr\/wp-json\/wp\/v2\/comments?post=6630"}],"version-history":[{"count":2,"href":"https:\/\/www.valicodeipellegrini.it\/fr\/wp-json\/wp\/v2\/pages\/6630\/revisions"}],"predecessor-version":[{"id":6841,"href":"https:\/\/www.valicodeipellegrini.it\/fr\/wp-json\/wp\/v2\/pages\/6630\/revisions\/6841"}],"wp:attachment":[{"href":"https:\/\/www.valicodeipellegrini.it\/fr\/wp-json\/wp\/v2\/media?parent=6630"}],"curies":[{"name":"wp","href":"https:\/\/api.w.org\/{rel}","templated":true}]}}