{"id":6619,"date":"2016-03-31T11:22:22","date_gmt":"2016-03-31T11:22:22","guid":{"rendered":"https:\/\/www.valicodeipellegrini.it\/fr\/?page_id=6619"},"modified":"2016-04-05T09:16:46","modified_gmt":"2016-04-05T09:16:46","slug":"politique-de-gestion-des-cookies","status":"publish","type":"page","link":"https:\/\/www.valicodeipellegrini.it\/fr\/politique-de-gestion-des-cookies\/","title":{"rendered":"Politique de gestion des cookies"},"content":{"rendered":"<p>Ce site utilise les cookies pour rendre ses services simples et efficaces pour l&rsquo;utilisateur.<br \/>\nDe tr\u00e8s petites quantit\u00e9s d&rsquo;informations seront enregistr\u00e9es sur les dispositifs employ\u00e9s par les utilisateurs qui consultent le Site, qu&rsquo;il s&rsquo;agisse d&rsquo;ordinateurs ou de p\u00e9riph\u00e9riques mobiles, sous forme de petits fichiers de texte appel\u00e9s \u00ab\u00a0Cookies\u00a0\u00bb qui sont enregistr\u00e9s dans les r\u00e9pertoires utilis\u00e9s \u00e0 partir du navigateur internet de l&rsquo;Utilisateur.<br \/>\nIl existe diff\u00e9rents types de cookies, certains \u00e9tant destin\u00e9s \u00e0 am\u00e9liorer l&rsquo;efficacit\u00e9 du Site et d&rsquo;autres servant \u00e0 habiliter certaines fonctions.<\/p>\n<p>En les analysant de mani\u00e8re d\u00e9taill\u00e9e, nos cookies permettent de:<\/p>\n<ul>\n<li>m\u00e9moriser les pr\u00e9f\u00e9rences saisies<\/li>\n<li>\u00e9viter de saisir \u00e0 nouveau les m\u00eames informations, comme par exemple le nom d&rsquo;utilisateur et le mot de passe, plusieurs fois au cours de la visite<\/li>\n<li>analyser l&rsquo;utilisation des services et des contenus afin d&rsquo;optimiser l&rsquo;exp\u00e9rience de navigation et les services propos\u00e9s<\/li>\n<\/ul>\n<h2>TYPES DE COOKIES UTILIS\u00c9S SUR LE SITE<\/h2>\n<p>Les diff\u00e9rents types de cookies utilis\u00e9s sur ce Site sont indiqu\u00e9s ci-apr\u00e8s en fonction des finalit\u00e9s d&rsquo;utilisation.<\/p>\n<h3>Cookies techniques<\/h3>\n<p>Ce type de cookies permet le bon fonctionnement de certaines sections du Site.<br \/>\nIls appartiennent \u00e0 deux cat\u00e9gories, persistants ou de session:<\/p>\n<ul>\n<li><strong>persistants<\/strong>:<br \/>\nune fois le navigateur ferm\u00e9, ils ne sont pas supprim\u00e9s mais persistent jusqu&rsquo;\u00e0 une date d&rsquo;expiration pr\u00e9d\u00e9finie.<\/li>\n<li><strong>de session<\/strong>:<br \/>\nils sont supprim\u00e9s une fois que le navigateur est ferm\u00e9.<\/li>\n<\/ul>\n<p>Ces cookies, toujours envoy\u00e9s par notre domaine, sont n\u00e9cessaire pour visualiser correctement le Site et relativement aux services propos\u00e9s\u00a0; ils seront donc toujours utilis\u00e9s et envoy\u00e9s, \u00e0 moins que l&rsquo;utilisateur ne modifie les param\u00e8tres de son navigateur (emp\u00eachant ainsi l&rsquo;affichage des pages du site).<\/p>\n<h3>Cookies analytiques<\/h3>\n<p>Les cookies de cette cat\u00e9gorie sont utilis\u00e9s pour collecter des informations sur l&rsquo;utilisation du Site. Ce Site utilisera ces informations pour effectuer des analyses statistiques anonymes afin d&rsquo;am\u00e9liorer l&rsquo;utilisation et de rendre les contenus plus int\u00e9ressants et adapt\u00e9s aux pr\u00e9f\u00e9rences de l&rsquo;utilisateur. Ce type de cookies collecte des donn\u00e9es anonymes relatives \u00e0 l&rsquo;activit\u00e9 de l&rsquo;utilisateur et sur la mani\u00e8re dont il est arriv\u00e9 sur le Site. Les cookies analytiques sont envoy\u00e9s par le Site ou par des domaines de tiers.<\/p>\n<h3>Cookies d&rsquo;analyse de services de tiers<\/h3>\n<p>Ces cookies sont utilis\u00e9s pour collecter des informations sur l&rsquo;utilisation du Site de la part des utilisateurs sous<br \/>\nforme anonyme telles que\u00a0: pages consult\u00e9es, temps de permanence, origine du trafic de provenance, provenance g\u00e9ographique, \u00e2ge, sexe et centres d&rsquo;int\u00e9r\u00eat en vue de la r\u00e9alisation de campagnes marketing. Ces cookies sont envoy\u00e9s par des domaines de tiers externes au Site (Google Analytics).<\/p>\n<h3>Cookies destin\u00e9s \u00e0 int\u00e9grer des produits et fonctions d&rsquo;applications de tiers<\/h3>\n<p>Ce type de cookies int\u00e8grent des fonctions d\u00e9velopp\u00e9es par des tiers au sein des pages du Site, comme par exemple les ic\u00f4nes et les pr\u00e9f\u00e9rences exprim\u00e9es dans les r\u00e9seaux sociaux \u00e0 des fins de partage des contenus du Site ou d&rsquo;utilisation de services logiciels de tiers (tels que les applications pour g\u00e9n\u00e9rer les plans et d&rsquo;autres applications qui offrent des services compl\u00e9mentaires). Ces cookies sont envoy\u00e9s par des domaines de tiers et par des sites partenaires qui offrent leurs fonctions sur les pages du Site.<\/p>\n<h3>Cookies de profilage<\/h3>\n<p>Il s&rsquo;agit des cookies n\u00e9cessaires pour cr\u00e9er des profils d&rsquo;utilisateur afin d&rsquo;envoyer des messages publicitaires cibl\u00e9s en fonction des pr\u00e9f\u00e9rences manifest\u00e9es par l&rsquo;utilisateur sur les pages du Site.<\/p>\n<p>Conform\u00e9ment \u00e0 la r\u00e8glementation en vigueur, ce Site n&rsquo;est pas tenu de demander l&rsquo;autorisation de l&rsquo;utilisateur pour utiliser les cookies techniques et analytiques, dans la mesure o\u00f9 ils sont n\u00e9cessaires \u00e0 la fourniture des services demand\u00e9s.<\/p>\n<p>Pour tous les autres types de cookies, l&rsquo;utilisateur peut exprimer son autorisation selon une ou plusieurs des modalit\u00e9s suivantes:<\/p>\n<ul>\n<li>En configurant certains param\u00e8tres sp\u00e9cifiques du navigateur utilis\u00e9 ou des programmes informatiques correspondants utilis\u00e9s pour naviguer au sein des pages qui composent le Site.<\/li>\n<li>En modifiant les param\u00e8tres d&rsquo;utilisation des services de tiers.<\/li>\n<\/ul>\n<p>Ces deux solutions sont susceptibles d&#8217;emp\u00eacher l&rsquo;utilisateur d&rsquo;utiliser ou de visualiser les pages du Site.<\/p>\n<p><strong>Sites internet et services de tiers<\/strong><\/p>\n<p>Le Site est susceptible de comporter des liens vers d&rsquo;autres sites internet qui disposent de leur propre politique de<br \/>\nconfidentialit\u00e9, qui peut diff\u00e9rer de celle de ce Site qui n&rsquo;en est donc pas responsable.<\/p>\n<h2>MODALIT\u00c9S DE D\u00c9SACTIVATION DES COOKIES PAR CONFIGURATION DU NAVIGATEUR<\/h2>\n<p><strong>Chrome<\/strong><\/p>\n<ol>\n<li>Ouvrir le navigateur Chrome.<\/li>\n<li>Cliquer sur le menu situ\u00e9 dans la barre d&rsquo;outils situ\u00e9e adjacente \u00e0 la fen\u00eatre de saisie de l&rsquo;url pour la navigation.<\/li>\n<li>S\u00e9lectionner \u00abParam\u00e8tres\u00bb.<\/li>\n<li>Cliquer sur \u00abAfficher les param\u00e8tres avanc\u00e9s\u00bb.<\/li>\n<li>Dans la section \u00ab\u00a0Confidentialit\u00e9\u00a0\u00bb cliquer sur le bouton \u00abParam\u00e8tres de contenu\u00bb.<\/li>\n<li>Dans la section \u00abCookies\u00bb, il est possible de modifier les param\u00e8tres suivants qui sont relatifs aux cookies:\n<ul>\n<li>Autoriser le stockage local des donn\u00e9es<\/li>\n<li>Ne conserver les donn\u00e9es locales que jusqu&rsquo;\u00e0 la fin de la session de navigation<\/li>\n<li>Interdire aux sites de configurer les cookies<\/li>\n<li>Bloquer les cookies et les donn\u00e9es de sites tiers<\/li>\n<li>G\u00e9rer les exceptions pour certains sites internet<\/li>\n<li>Suppression d&rsquo;un ou plusieurs cookies<\/li>\n<\/ul>\n<\/li>\n<\/ol>\n<p>Pour plus d&rsquo;informations, consulter la  <a href=\"https:\/\/support.google.com\/accounts\/answer\/61416?hl=en\" target=\"_blank\">page sp\u00e9cifique<\/a>.<\/p>\n<p><strong>Mozilla Firefox<\/strong><\/p>\n<ol>\n<li>Ouvrir le navigateur Mozilla Firefox<\/li>\n<li>Cliquer sur le menu situ\u00e9 dans la barre d&rsquo;outils situ\u00e9e adjacente \u00e0 la fen\u00eatre de saisie de l&rsquo;url pour la navigation.<\/li>\n<li>S\u00e9lectionner \u00abOptions\u00bb.<\/li>\n<li>S\u00e9lectionner l&rsquo;onglet \u00abVie priv\u00e9e\u00bb.<\/li>\n<li>Cliquer sur \u00abAfficher les param\u00e8tres avanc\u00e9s\u00bb.<\/li>\n<li>Dans la section \u00ab\u00a0Confidentialit\u00e9\u00a0\u00bb cliquer sur le bouton \u00abParam\u00e8tres de contenu\u00bb.<\/li>\n<li>Dans la section \u00abPistage\u00bb, il est possible de modifier les param\u00e8tres suivants qui sont relatifs aux cookies:\n<ul>\n<li>Demander aux sites de ne pas \u00eatre pist\u00e9<\/li>\n<li>Communiquer aux sites sa disponibilit\u00e9 \u00e0 \u00eatre pist\u00e9<\/li>\n<li>Ne communiquer aucune pr\u00e9f\u00e9rence relative au pistage des donn\u00e9es personnelles<\/li>\n<\/ul>\n<\/li>\n<li>Dans la section \u00abHistorique\u00bb, il est possible de:\n<ul>\n<li>Habiliter l&rsquo;option \u00ab\u00a0Utiliser les param\u00e8tres personnalis\u00e9s pour l&rsquo;historique\u00a0\u00bb pour choisir d&rsquo;accepter les cookies de tiers (toujours, de la part des sites les plus visit\u00e9s ou jamais) et de les conserver pendant une dur\u00e9e donn\u00e9e (jusqu&rsquo;\u00e0 leur expiration, jusqu&rsquo;\u00e0 la fermeture de Firefox ou de le demander \u00e0 chaque fois)<\/li>\n<li>Supprimer individuellement les cookies stock\u00e9s<\/li>\n<\/ul>\n<\/li>\n<\/ol>\n<p>Pour plus d&rsquo;informations, consulter la <a href=\"https:\/\/support.mozilla.org\/en-US\/kb\/enable-and-disable-cookies-website-preferences\" target=\"_blank\">page sp\u00e9cifique<\/a>.<\/p>\n<p><strong>Internet Explorer<\/strong><\/p>\n<ol>\n<li>Ouvrir le navigateur Internet Explorer.<\/li>\n<li>Cliquer sur le bouton \u00abOutils\u00bb et s\u00e9lectionner \u00abOptions Internet\u00bb.<\/li>\n<li>Cliquer sur l&rsquo;onglet \u00abConfidentialit\u00e9\u00bb et, dans la section \u00abParam\u00e8tres\u00bb, modifier la position du s\u00e9lecteur coulissant en fonction de la gestion d\u00e9sir\u00e9e des cookies:\n<ul>\n<li>Bloquer tous les cookies<\/li>\n<li>Accepter tous les cookies<\/li>\n<li>S\u00e9lection des sites habilit\u00e9s \u00e0 laisser des cookies: d\u00e9placer le curseur en position interm\u00e9diaire de mani\u00e8re \u00e0 ne pas bloquer ou accepter tous les cookies, puis appuyer sur \u00abSites\u00bb et saisir in site internet dans la case \u00abAdresse du site Web\u00bb puis appuyer sur \u00abRefuser\u00bb ou \u00abAutoriser\u00bb.<\/li>\n<\/ul>\n<\/li>\n<\/ol>\n<p>Pour plus d&rsquo;informations, consulter la <a href=\"http:\/\/windows.microsoft.com\/it-it\/windows-vista\/block-or-allow-cookies\" target=\"_blank\">page sp\u00e9cifique<\/a>.<\/p>\n<p><strong>Safari 6<\/strong><\/p>\n<ol>\n<li>Ouvrir le navigateur Safari.<\/li>\n<li>Cliquer sur \u00abSafari\u00bb, s\u00e9lectionner \u00abPr\u00e9f\u00e9rences\u00bb et cliquer sur \u00abConfidentialit\u00e9\u00bb.<\/li>\n<li>Dans la section \u00abBloquer les cookies\u00bb, indiquer comment Safari doit accepter les cookies des sites internet.<\/li>\n<li>Pour visualiser quels sites ont stock\u00e9 des cookies, cliquer sur \u00abD\u00e9tails\u00bb.<\/li>\n<\/ol>\n<p>Pour plus d&rsquo;informations, consulter la page sp\u00e9cifique.<\/p>\n<p><strong>Safari iOS (dispositifs mobiles)<\/strong><\/p>\n<ol>\n<li>Ouvrir le navigateur Safari iOS.<\/li>\n<li>Appuyer sur \u00abParam\u00e8tres\u00bb puis sur \u00abSafari\u00bb.<\/li>\n<li>Appuyer sur \u00abBloquer les cookies\u00bb et s\u00e9lectionner l&rsquo;une des diff\u00e9rentes options\u00a0: \u00abJamais\u00bb, \u00abDes tierces parties et annonceurs\u00bb ou \u00abToujours\u00bb.<\/li>\n<li>Pour supprimer tous les cookies stock\u00e9s par Safari, appuyer sur \u00abR\u00e9glages\u00bb puis sur \u00abSafari\u00bb, et enfin sur \u00abEffacer cookies et donn\u00e9es\u00bb.<\/li>\n<\/ol>\n<p>Pour plus d&rsquo;informations, consulter la <a href=\"http:\/\/support.apple.com\/kb\/HT1677?utm_source=Agillic%20Dialogue\" target=\"_blank\">page sp\u00e9cifique<\/a>.<\/p>\n<p><strong>Opera<\/strong><\/p>\n<ol>\n<ol>\n<li>Ouvrir le navigateur Opera.<\/li>\n<li>Cliquer sur \u00abPr\u00e9f\u00e9rences\u00bb, puis sur \u00abAvanc\u00e9\u00bb et enfin sur \u00abCookies\u00bb.<\/li>\n<li>S\u00e9lectionner l&rsquo;une des options suivantes:\n<ul>\n<li>Accepter tous les cookies<\/li>\n<li>Accepter seulement ceux du site visit\u00e9. Les cookies de tierces parties, d\u2019un domaine ext\u00e9rieur \u00e0 celui qu\u2019on visite sont refus\u00e9s.<\/li>\n<li>Ne jamais accepter les cookies: tous les cookies sont refus\u00e9s.<\/li>\n<\/ul>\n<\/li>\n<\/ol>\n<\/ol>\n<p>Pour plus d&rsquo;informations, consulter la <a href=\"http:\/\/windows.microsoft.com\/it-it\/windows-vista\/block-or-allow-cookies\" target=\"_blank\">page sp\u00e9cifique<\/a>.<\/p>\n<hr \/>\n<h2>MODALIT\u00c9S DE D\u00c9SACTIVATION DES SERVICES DE TIERS<\/h2>\n<ol>\n<ol>\n<ul>\n<li><a href=\"https:\/\/www.facebook.com\/help\/cookies?ref_type=sitefooter\" target=\"_blank\">Facebook<\/a><\/li>\n<li><a href=\"http:\/\/www.google.com\/policies\/technologies\/cookies\/\" target=\"_blank\">Google<\/a><\/li>\n<\/ul>\n<\/ol>\n<\/ol>\n<hr \/>\n","protected":false},"excerpt":{"rendered":"<p>Ce site utilise les cookies pour rendre ses services simples et efficaces pour l&rsquo;utilisateur. De tr\u00e8s petites quantit\u00e9s d&rsquo;informations seront enregistr\u00e9es sur les dispositifs employ\u00e9s par les utilisateurs qui consultent le Site, qu&rsquo;il s&rsquo;agisse d&rsquo;ordinateurs ou de p\u00e9riph\u00e9riques mobiles, sous forme de petits fichiers de texte appel\u00e9s \u00ab\u00a0Cookies\u00a0\u00bb qui sont enregistr\u00e9s dans les r\u00e9pertoires utilis\u00e9s \u00e0 partir du navigateur internet de l&rsquo;Utilisateur. Il existe diff\u00e9rents types de cookies, certains \u00e9tant destin\u00e9s \u00e0 am\u00e9liorer l&rsquo;efficacit\u00e9 du Site et d&rsquo;autres servant \u00e0 [&hellip;]<\/p>\n","protected":false},"author":1,"featured_media":0,"parent":0,"menu_order":0,"comment_status":"closed","ping_status":"closed","template":"","meta":{"footnotes":""},"class_list":["post-6619","page","type-page","status-publish","hentry"],"yoast_head":"<!-- This site is optimized with the Yoast SEO plugin v27.0 - https:\/\/yoast.com\/product\/yoast-seo-wordpress\/ -->\n<title>Politique de gestion des cookies - Agriturismo Valico dei Pellegrini<\/title>\n<meta name=\"robots\" content=\"index, follow, max-snippet:-1, max-image-preview:large, max-video-preview:-1\" \/>\n<link rel=\"canonical\" href=\"https:\/\/www.valicodeipellegrini.it\/?page_id=6016\" \/>\n<meta property=\"og:locale\" content=\"fr_FR\" \/>\n<meta property=\"og:type\" content=\"article\" \/>\n<meta property=\"og:title\" content=\"Politique de gestion des cookies - Agriturismo Valico dei Pellegrini\" \/>\n<meta property=\"og:description\" content=\"Ce site utilise les cookies pour rendre ses services simples et efficaces pour l&rsquo;utilisateur. De tr\u00e8s petites quantit\u00e9s d&rsquo;informations seront enregistr\u00e9es sur les dispositifs employ\u00e9s par les utilisateurs qui consultent le Site, qu&rsquo;il s&rsquo;agisse d&rsquo;ordinateurs ou de p\u00e9riph\u00e9riques mobiles, sous forme de petits fichiers de texte appel\u00e9s \u00ab\u00a0Cookies\u00a0\u00bb qui sont enregistr\u00e9s dans les r\u00e9pertoires utilis\u00e9s \u00e0 partir du navigateur internet de l&rsquo;Utilisateur. Il existe diff\u00e9rents types de cookies, certains \u00e9tant destin\u00e9s \u00e0 am\u00e9liorer l&rsquo;efficacit\u00e9 du Site et d&rsquo;autres servant \u00e0 [&hellip;]\" \/>\n<meta property=\"og:url\" content=\"https:\/\/www.valicodeipellegrini.it\/?page_id=6016\" \/>\n<meta property=\"og:site_name\" content=\"Agriturismo Valico dei Pellegrini\" \/>\n<meta property=\"article:modified_time\" content=\"2016-04-05T09:16:46+00:00\" \/>\n<meta name=\"twitter:card\" content=\"summary_large_image\" \/>\n<meta name=\"twitter:label1\" content=\"Dur\u00e9e de lecture estim\u00e9e\" \/>\n\t<meta name=\"twitter:data1\" content=\"7 minutes\" \/>\n<script type=\"application\/ld+json\" class=\"yoast-schema-graph\">{\"@context\":\"https:\/\/schema.org\",\"@graph\":[{\"@type\":\"WebPage\",\"@id\":\"https:\/\/www.valicodeipellegrini.it\/?page_id=6016\",\"url\":\"https:\/\/www.valicodeipellegrini.it\/?page_id=6016\",\"name\":\"Politique de gestion des cookies - Agriturismo Valico dei Pellegrini\",\"isPartOf\":{\"@id\":\"https:\/\/www.valicodeipellegrini.it\/#website\"},\"datePublished\":\"2016-03-31T11:22:22+00:00\",\"dateModified\":\"2016-04-05T09:16:46+00:00\",\"breadcrumb\":{\"@id\":\"https:\/\/www.valicodeipellegrini.it\/?page_id=6016#breadcrumb\"},\"inLanguage\":\"fr-FR\",\"potentialAction\":[{\"@type\":\"ReadAction\",\"target\":[\"https:\/\/www.valicodeipellegrini.it\/?page_id=6016\"]}]},{\"@type\":\"BreadcrumbList\",\"@id\":\"https:\/\/www.valicodeipellegrini.it\/?page_id=6016#breadcrumb\",\"itemListElement\":[{\"@type\":\"ListItem\",\"position\":1,\"name\":\"Home\",\"item\":\"https:\/\/www.valicodeipellegrini.it\/fr\/\"},{\"@type\":\"ListItem\",\"position\":2,\"name\":\"Politique de gestion des cookies\"}]},{\"@type\":\"WebSite\",\"@id\":\"https:\/\/www.valicodeipellegrini.it\/#website\",\"url\":\"https:\/\/www.valicodeipellegrini.it\/\",\"name\":\"Agriturismo Valico dei Pellegrini\",\"description\":\"Natura e relax in Umbria\",\"potentialAction\":[{\"@type\":\"SearchAction\",\"target\":{\"@type\":\"EntryPoint\",\"urlTemplate\":\"https:\/\/www.valicodeipellegrini.it\/?s={search_term_string}\"},\"query-input\":{\"@type\":\"PropertyValueSpecification\",\"valueRequired\":true,\"valueName\":\"search_term_string\"}}],\"inLanguage\":\"fr-FR\"}]}<\/script>\n<!-- \/ Yoast SEO plugin. -->","yoast_head_json":{"title":"Politique de gestion des cookies - Agriturismo Valico dei Pellegrini","robots":{"index":"index","follow":"follow","max-snippet":"max-snippet:-1","max-image-preview":"max-image-preview:large","max-video-preview":"max-video-preview:-1"},"canonical":"https:\/\/www.valicodeipellegrini.it\/?page_id=6016","og_locale":"fr_FR","og_type":"article","og_title":"Politique de gestion des cookies - Agriturismo Valico dei Pellegrini","og_description":"Ce site utilise les cookies pour rendre ses services simples et efficaces pour l&rsquo;utilisateur. De tr\u00e8s petites quantit\u00e9s d&rsquo;informations seront enregistr\u00e9es sur les dispositifs employ\u00e9s par les utilisateurs qui consultent le Site, qu&rsquo;il s&rsquo;agisse d&rsquo;ordinateurs ou de p\u00e9riph\u00e9riques mobiles, sous forme de petits fichiers de texte appel\u00e9s \u00ab\u00a0Cookies\u00a0\u00bb qui sont enregistr\u00e9s dans les r\u00e9pertoires utilis\u00e9s \u00e0 partir du navigateur internet de l&rsquo;Utilisateur. Il existe diff\u00e9rents types de cookies, certains \u00e9tant destin\u00e9s \u00e0 am\u00e9liorer l&rsquo;efficacit\u00e9 du Site et d&rsquo;autres servant \u00e0 [&hellip;]","og_url":"https:\/\/www.valicodeipellegrini.it\/?page_id=6016","og_site_name":"Agriturismo Valico dei Pellegrini","article_modified_time":"2016-04-05T09:16:46+00:00","twitter_card":"summary_large_image","twitter_misc":{"Dur\u00e9e de lecture estim\u00e9e":"7 minutes"},"schema":{"@context":"https:\/\/schema.org","@graph":[{"@type":"WebPage","@id":"https:\/\/www.valicodeipellegrini.it\/?page_id=6016","url":"https:\/\/www.valicodeipellegrini.it\/?page_id=6016","name":"Politique de gestion des cookies - Agriturismo Valico dei Pellegrini","isPartOf":{"@id":"https:\/\/www.valicodeipellegrini.it\/#website"},"datePublished":"2016-03-31T11:22:22+00:00","dateModified":"2016-04-05T09:16:46+00:00","breadcrumb":{"@id":"https:\/\/www.valicodeipellegrini.it\/?page_id=6016#breadcrumb"},"inLanguage":"fr-FR","potentialAction":[{"@type":"ReadAction","target":["https:\/\/www.valicodeipellegrini.it\/?page_id=6016"]}]},{"@type":"BreadcrumbList","@id":"https:\/\/www.valicodeipellegrini.it\/?page_id=6016#breadcrumb","itemListElement":[{"@type":"ListItem","position":1,"name":"Home","item":"https:\/\/www.valicodeipellegrini.it\/fr\/"},{"@type":"ListItem","position":2,"name":"Politique de gestion des cookies"}]},{"@type":"WebSite","@id":"https:\/\/www.valicodeipellegrini.it\/#website","url":"https:\/\/www.valicodeipellegrini.it\/","name":"Agriturismo Valico dei Pellegrini","description":"Natura e relax in Umbria","potentialAction":[{"@type":"SearchAction","target":{"@type":"EntryPoint","urlTemplate":"https:\/\/www.valicodeipellegrini.it\/?s={search_term_string}"},"query-input":{"@type":"PropertyValueSpecification","valueRequired":true,"valueName":"search_term_string"}}],"inLanguage":"fr-FR"}]}},"_links":{"self":[{"href":"https:\/\/www.valicodeipellegrini.it\/fr\/wp-json\/wp\/v2\/pages\/6619","targetHints":{"allow":["GET"]}}],"collection":[{"href":"https:\/\/www.valicodeipellegrini.it\/fr\/wp-json\/wp\/v2\/pages"}],"about":[{"href":"https:\/\/www.valicodeipellegrini.it\/fr\/wp-json\/wp\/v2\/types\/page"}],"author":[{"embeddable":true,"href":"https:\/\/www.valicodeipellegrini.it\/fr\/wp-json\/wp\/v2\/users\/1"}],"replies":[{"embeddable":true,"href":"https:\/\/www.valicodeipellegrini.it\/fr\/wp-json\/wp\/v2\/comments?post=6619"}],"version-history":[{"count":6,"href":"https:\/\/www.valicodeipellegrini.it\/fr\/wp-json\/wp\/v2\/pages\/6619\/revisions"}],"predecessor-version":[{"id":7042,"href":"https:\/\/www.valicodeipellegrini.it\/fr\/wp-json\/wp\/v2\/pages\/6619\/revisions\/7042"}],"wp:attachment":[{"href":"https:\/\/www.valicodeipellegrini.it\/fr\/wp-json\/wp\/v2\/media?parent=6619"}],"curies":[{"name":"wp","href":"https:\/\/api.w.org\/{rel}","templated":true}]}}