{"id":6606,"date":"2016-03-31T10:46:33","date_gmt":"2016-03-31T10:46:33","guid":{"rendered":"https:\/\/www.valicodeipellegrini.it\/fr\/?page_id=6606"},"modified":"2026-04-21T20:38:45","modified_gmt":"2026-04-21T20:38:45","slug":"ou-nous-sommes","status":"publish","type":"page","link":"https:\/\/www.valicodeipellegrini.it\/fr\/ou-nous-sommes\/","title":{"rendered":"O\u00f9 nous sommes"},"content":{"rendered":"<div class=\"fullpage-block fullpage-block-6606-1\"  style=\"background-color: ; background-image: url(); padding-top:px; padding-bottom:px; background-attachment:fixed; background-position:50% 50%; background-repeat: repeat;\"><div class=\"fullpage-item \">\n<div class=\"clearfix divider-common divider-blank\" style=\"padding-top:10px;padding-bottom:10px;\"><\/div>\n<h6 style=\"text-align: center;\">UN POINT DE D\u00c9PART ID\u00c9AL<\/h6>\n<p><\/div><\/div>\n<div class=\"pullquote-center\">\nL&rsquo;agritourisme est en activit\u00e9 depuis 2008 au c\u0153ur des montagnes verdoyantes de Bazzano Superiore, un hameau de Spol\u00e8te, en Ombrie.<br \/>\nGr\u00e2ce \u00e0 leur emplacement, les structures sont particuli\u00e8rement adapt\u00e9es aux personnes qui souhaitent passer des vacances en toute d\u00e9tente, au contact de la nature, o\u00f9 la vue de chaque c\u00f4t\u00e9 n&rsquo;offre que le vert des bois et quelques terrains agricoles.<br \/>\nLes corps de ferme disposent d&rsquo;une piscine, de vastes espaces verts, d&rsquo;une terrasse et d&rsquo;une vue sur la montagne dans la ville de Spol\u00e8te.<br \/>\nTous les logements proposent le WiFi gratuit.<br \/>\nUn parking priv\u00e9 est disponible sur place.<br \/>\nLes logements comprennent une t\u00e9l\u00e9vision et des salles de bain privatives, tandis que la cuisine est \u00e9quip\u00e9e d&rsquo;un r\u00e9frig\u00e9rateur, d&rsquo;un lave-vaisselle et d&rsquo;un four.<br \/>\n<\/div>\n<div class=\"pullquote-center\">\nSon emplacement en fait \u00e9galement un excellent point de d\u00e9part pour organiser des visites dans les charmantes villes d&rsquo;Ombrie telles que Spol\u00e8te (15 km), Foligno (33 km), P\u00e9rouse (73 km), Assise (57 km), Gubbio (98 km) ou encore Orvieto (115 km) et Todi (60 km).<br \/>\n<\/div>\n<div class=\"pullquote-center\">\nD&rsquo;autres itin\u00e9raires int\u00e9ressants sont ceux de la Valnerina, o\u00f9 l&rsquo;on peut visiter d&rsquo;anciens bourgs m\u00e9di\u00e9vaux tels que Cascia (47 km), Norcia (35 km), Vallo di Nera (11 km), Castel San Felice (7 km), Scheggino (11 km), ou encore la c\u00e9l\u00e8bre Cascade des Marmore (40 km).<br \/>\nL&rsquo;a\u00e9roport international de l&rsquo;Ombrie \u2013 P\u00e9rouse Saint-Fran\u00e7ois-d&rsquo;Assise se trouve \u00e0 64 km de la structure.<br \/>\n<\/div>\n<p style=\"text-align: center;\"><div class=\"wpgmp_map_container wpgmp-map-provider-google wpgmp-map-1\" rel=\"map1\" data-plugin-version=\"4.9.1\"><div class=\"wpgmp_map_parent\"><div class=\"wpgmp_map \" style=\"width:100%;height:450px\" id=\"map1\" data-map-id=\"1\"><\/div><\/div><\/div><script>jQuery(document).ready(function($){ window.wpgmp = window.wpgmp || {}; window.wpgmp.mapdata1 = \"eyJhdXRvc29ydCI6dHJ1ZSwibWFwX29wdGlvbnMiOnsiY2VudGVyX2xhdCI6IjQyLjc2MDUyNjYiLCJjZW50ZXJfbG5nIjoiMTIuNzc2NTYyMSIsInpvb20iOjEzLCJtYXBfdHlwZV9pZCI6IlJPQURNQVAiLCJjZW50ZXJfYnlfbmVhcmVzdCI6ZmFsc2UsImZpdF9ib3VuZHMiOmZhbHNlLCJzaG93X2NlbnRlcl9jaXJjbGUiOmZhbHNlLCJzaG93X2NlbnRlcl9tYXJrZXIiOmZhbHNlLCJkcmFnZ2FibGUiOnRydWUsImluZm93aW5kb3dfc2tpbiI6eyJuYW1lIjoiZGVmYXVsdCIsInR5cGUiOiJpbmZvd2luZG93In0sImluZm93aW5kb3dfZHJvcF9hbmltYXRpb24iOmZhbHNlLCJjbG9zZV9pbmZvd2luZG93X29uX21hcF9jbGljayI6ZmFsc2UsImRlZmF1bHRfaW5mb3dpbmRvd19vcGVuIjpmYWxzZSwiaW5mb3dpbmRvd19vcGVuX2V2ZW50IjoiY2xpY2siLCJsaXN0aW5nX2luZm93aW5kb3dfb3Blbl9ldmVudCI6ImNsaWNrIiwiaXNfbW9iaWxlIjpmYWxzZSwiaW5mb3dpbmRvd19maWx0ZXJfb25seSI6ZmFsc2UsImluZm93aW5kb3dfY2xpY2tfY2hhbmdlX2NlbnRlciI6ZmFsc2UsImZ1bGxfc2NyZWVuX2NvbnRyb2wiOnRydWUsImNhbWVyYV9jb250cm9sIjpmYWxzZSwic2VhcmNoX2NvbnRyb2wiOnRydWUsInpvb21fY29udHJvbCI6dHJ1ZSwibWFwX3R5cGVfY29udHJvbCI6dHJ1ZSwic3RyZWV0X3ZpZXdfY29udHJvbCI6dHJ1ZSwibG9jYXRlbWVfY29udHJvbCI6ZmFsc2UsIm1vYmlsZV9zcGVjaWZpYyI6ZmFsc2UsInpvb21fbW9iaWxlIjo1LCJkcmFnZ2FibGVfbW9iaWxlIjp0cnVlLCJzY3JvbGxfd2hlZWxfbW9iaWxlIjp0cnVlLCJ6b29tX2NvbnRyb2xfcG9zaXRpb24iOiJUT1BfTEVGVCIsIm1hcF90eXBlX2NvbnRyb2xfcG9zaXRpb24iOiJUT1BfUklHSFQiLCJtYXBfdHlwZV9jb250cm9sX3N0eWxlIjoiSE9SSVpPTlRBTF9CQVIiLCJzdHJlZXRfdmlld19jb250cm9sX3Bvc2l0aW9uIjoiVE9QX0xFRlQiLCJtYXBfaW5mb3dpbmRvd19jdXN0b21pc2F0aW9ucyI6ZmFsc2UsImluZm93aW5kb3dfd2lkdGgiOiIxMDAlIiwic2hvd19pbmZvd2luZG93X2hlYWRlciI6ZmFsc2UsInpvb21fbGV2ZWxfYWZ0ZXJfc2VhcmNoIjoxMCwiZG91YmxlY2xpY2t6b29tIjpmYWxzZSwiY3VycmVudF9wb3N0X29ubHkiOmZhbHNlLCJhZHZhbmNlX3RlbXBsYXRlIjpmYWxzZSwibWFwX3RpbGVfdXJsIjoiaHR0cHM6XC9cL3tzfS50aWxlLm9wZW5zdHJlZXRtYXAub3JnXC97en1cL3t4fVwve3l9LnBuZyIsIm9wZW5zdHJlZXRfc3R5bGVzIjp7Ik9wZW5TdHJlZXRNYXAuTWFwbmlrIjoiaHR0cHM6XC9cL3tzfS50aWxlLm9wZW5zdHJlZXRtYXAub3JnXC97en1cL3t4fVwve3l9LnBuZyIsIk9wZW5TdHJlZXRNYXAuREUiOiJodHRwczpcL1wve3N9LnRpbGUub3BlbnN0cmVldG1hcC5kZVwvdGlsZXNcL29zbWRlXC97en1cL3t4fVwve3l9LnBuZyIsIk9wZW5TdHJlZXRNYXAuQ0giOiJodHRwczpcL1wvdGlsZS5vc20uY2hcL3N3aXR6ZXJsYW5kXC97en1cL3t4fVwve3l9LnBuZyIsIk9wZW5TdHJlZXRNYXAuRnJhbmNlIjoiaHR0cHM6XC9cL3tzfS50aWxlLm9wZW5zdHJlZXRtYXAuZnJcL29zbWZyXC97en1cL3t4fVwve3l9LnBuZyIsIk9wZW5TdHJlZXRNYXAuSE9UIjoiaHR0cHM6XC9cL3tzfS50aWxlLm9wZW5zdHJlZXRtYXAuZnJcL2hvdFwve3p9XC97eH1cL3t5fS5wbmciLCJPcGVuU3RyZWV0TWFwLkJaSCI6Imh0dHBzOlwvXC90aWxlLm9wZW5zdHJlZXRtYXAuYnpoXC9iclwve3p9XC97eH1cL3t5fS5wbmciLCJPcGVuVG9wb01hcCI6Imh0dHBzOlwvXC97c30udGlsZS5vcGVudG9wb21hcC5vcmdcL3t6fVwve3h9XC97eX0ucG5nIiwiVGh1bmRlcmZvcmVzdC5PcGVuQ3ljbGVNYXAiOiJodHRwczpcL1wvZGV2LntzfS50aWxlLm9wZW5zdHJlZXRtYXAuZnJcL2N5Y2xvc21cL3t6fVwve3h9XC97eX0ucG5nIiwiT3Blbk1hcFN1cmZlci5Sb2FkcyI6Imh0dHBzOlwvXC9tYXBzLmhlaWdpdC5vcmdcL29wZW5tYXBzdXJmZXJcL3RpbGVzXC9yb2Fkc1wvd2VibWVyY2F0b3JcL3t6fVwve3h9XC97eX0ucG5nIn0sIm9wZW5zdHJlZXRfc3R5bGVzX21hcmt1cCI6IjxzZWxlY3QgY2xhc3M9XCJ3cG9tcF9tYXBfdHlwZVwiPjxvcHRpb24gdmFsdWU9XCJPcGVuU3RyZWV0TWFwLk1hcG5pa1wiPk9wZW5TdHJlZXRNYXAuTWFwbmlrPFwvb3B0aW9uPjxvcHRpb24gdmFsdWU9XCJPcGVuU3RyZWV0TWFwLkRFXCI+T3BlblN0cmVldE1hcC5ERTxcL29wdGlvbj48b3B0aW9uIHZhbHVlPVwiT3BlblN0cmVldE1hcC5DSFwiPk9wZW5TdHJlZXRNYXAuQ0g8XC9vcHRpb24+PG9wdGlvbiB2YWx1ZT1cIk9wZW5TdHJlZXRNYXAuRnJhbmNlXCI+T3BlblN0cmVldE1hcC5GcmFuY2U8XC9vcHRpb24+PG9wdGlvbiB2YWx1ZT1cIk9wZW5TdHJlZXRNYXAuSE9UXCI+T3BlblN0cmVldE1hcC5IT1Q8XC9vcHRpb24+PG9wdGlvbiB2YWx1ZT1cIk9wZW5TdHJlZXRNYXAuQlpIXCI+T3BlblN0cmVldE1hcC5CWkg8XC9vcHRpb24+PG9wdGlvbiB2YWx1ZT1cIk9wZW5Ub3BvTWFwXCI+T3BlblRvcG9NYXA8XC9vcHRpb24+PG9wdGlvbiB2YWx1ZT1cIlRodW5kZXJmb3Jlc3QuT3BlbkN5Y2xlTWFwXCI+VGh1bmRlcmZvcmVzdC5PcGVuQ3ljbGVNYXA8XC9vcHRpb24+PG9wdGlvbiB2YWx1ZT1cIk9wZW5NYXBTdXJmZXIuUm9hZHNcIj5PcGVuTWFwU3VyZmVyLlJvYWRzPFwvb3B0aW9uPjxcL3NlbGVjdD4iLCJtYXBfYm94X3N0eWxlc19tYXJrdXAiOiI8c2VsZWN0IGNsYXNzPVwid3BvbXBfbWFwYm94X3R5cGVcIj48b3B0aW9uIHZhbHVlPVwic3RyZWV0cy12MTFcIj5TdHJlZXRzPFwvb3B0aW9uPjxvcHRpb24gdmFsdWU9XCJsaWdodC12MTBcIj5MaWdodDxcL29wdGlvbj48b3B0aW9uIHZhbHVlPVwiZGFyay12MTBcIj5EYXJrPFwvb3B0aW9uPjxvcHRpb24gdmFsdWU9XCJvdXRkb29ycy12MTFcIj5PdXRkb29yczxcL29wdGlvbj48b3B0aW9uIHZhbHVlPVwic2F0ZWxsaXRlLXY5XCI+U2F0ZWxsaXRlPFwvb3B0aW9uPjxcL3NlbGVjdD4iLCJib3VuZF9tYXBfYWZ0ZXJfZmlsdGVyIjpmYWxzZSwiZGlzcGxheV9yZXNldF9idXR0b24iOmZhbHNlLCJtYXBfcmVzZXRfYnV0dG9uX3RleHQiOiJSXHUwMGU5aW5pdGlhbGlzZXIiLCJoZWlnaHQiOiI0NTAiLCJ0aWxlc19wcm92aWRlciI6Im9wZW5zdHJlZXQifSwicGxhY2VzIjpbeyJpZCI6IjEiLCJ0aXRsZSI6IlZpbGxhIE1hcmlhbm5hIiwiYWRkcmVzcyI6IkJhenphbm8gU3VwZXJpb3JlLCBQcm92aW5jZSBvZiBQZXJ1Z2lhLCBJdGFseSIsInNvdXJjZSI6Im1hbnVhbCIsImNvbnRlbnQiOiIiLCJsb2NhdGlvbiI6eyJpY29uIjoiIiwibGF0IjoiNDIuNzY0Nzg0IiwibG5nIjoiMTIuODExMTY4IiwiY2l0eSI6IlNwb2xldG8iLCJzdGF0ZSI6IlVtYnJpYSIsImNvdW50cnkiOiJJdGFseSIsIm9uY2xpY2tfYWN0aW9uIjoibWFya2VyIiwicmVkaXJlY3RfY3VzdG9tX2xpbmsiOiIiLCJtYXJrZXJfaW1hZ2UiOiI8ZGl2IGNsYXNzPSdmYy1mZWF0dXJlLWltZyc+PGltZyBsb2FkaW5nPSdsYXp5JyBkZWNvZGluZz0nYXN5bmMnIGFsdD0nVmlsbGEgTWFyaWFubmEnIHNyYz0naHR0cHM6XC9cL3d3dy52YWxpY29kZWlwZWxsZWdyaW5pLml0XC93cC1jb250ZW50XC9wbHVnaW5zXC93cC1nb29nbGUtbWFwLXBsdWdpblwvYXNzZXRzXC9pbWFnZXNcL3NhbXBsZS5qcGcnIGNsYXNzPSd3cGdtcF9tYXJrZXJfaW1hZ2UgZmMtaXRlbS1mZWF0dXJlZF9pbWFnZSBmYy1pdGVtLWxhcmdlJyBcLz48XC9kaXY+Iiwib3Blbl9uZXdfdGFiIjoieWVzIiwicG9zdGFsX2NvZGUiOiIwNjA0OSIsImRyYWdnYWJsZSI6IiIsImluZm93aW5kb3dfZGVmYXVsdF9vcGVuIjoiIiwiYW5pbWF0aW9uIjoiQk9VTkNFIiwiaW5mb3dpbmRvd19kaXNhYmxlIjp0cnVlLCJ6b29tIjo1LCJleHRyYV9maWVsZHMiOnsibGlzdG9yZGVyIjowfX0sImNhdGVnb3JpZXMiOltdLCJjdXN0b21fZmlsdGVycyI6W119LHsiaWQiOiIyIiwidGl0bGUiOiJWaXN0YSBkZWwgTW9uZG8iLCJhZGRyZXNzIjoiU3BvbGV0bywgUHJvdmluY2Ugb2YgUGVydWdpYSwgSXRhbHkiLCJzb3VyY2UiOiJtYW51YWwiLCJsb2NhdGlvbiI6eyJsYXQiOiI0Mi43NjE0NzYiLCJsbmciOiIxMi44MTI1OTEzIiwiY2l0eSI6IlNwb2xldG8iLCJzdGF0ZSI6IlVtYnJpYSIsImNvdW50cnkiOiJJdGFseSIsIm9uY2xpY2tfYWN0aW9uIjoibWFya2VyIiwibWFya2VyX2ltYWdlIjoiPGRpdiBjbGFzcz0nZmMtZmVhdHVyZS1pbWcnPjxpbWcgbG9hZGluZz0nbGF6eScgZGVjb2Rpbmc9J2FzeW5jJyBhbHQ9J1Zpc3RhIGRlbCBNb25kbycgc3JjPSdodHRwczpcL1wvd3d3LnZhbGljb2RlaXBlbGxlZ3JpbmkuaXRcL3dwLWNvbnRlbnRcL3BsdWdpbnNcL3dwLWdvb2dsZS1tYXAtcGx1Z2luXC9hc3NldHNcL2ltYWdlc1wvc2FtcGxlLmpwZycgY2xhc3M9J3dwZ21wX21hcmtlcl9pbWFnZSBmYy1pdGVtLWZlYXR1cmVkX2ltYWdlIGZjLWl0ZW0tbGFyZ2UnIFwvPjxcL2Rpdj4iLCJvcGVuX25ld190YWIiOiJ5ZXMiLCJwb3N0YWxfY29kZSI6IjA2MDQ5IiwiYW5pbWF0aW9uIjoiQk9VTkNFIiwiaW5mb3dpbmRvd19kaXNhYmxlIjp0cnVlLCJ6b29tIjo1LCJleHRyYV9maWVsZHMiOnsibGlzdG9yZGVyIjowfX19LHsiaWQiOiIzIiwidGl0bGUiOiJQb3N0byBkZWwgU29sZSIsImFkZHJlc3MiOiJCYXp6YW5vIFN1cGVyaW9yZSwgUHJvdmluY2Ugb2YgUGVydWdpYSwgSXRhbHkiLCJzb3VyY2UiOiJtYW51YWwiLCJsb2NhdGlvbiI6eyJsYXQiOiI0Mi43NjkxNDciLCJsbmciOiIxMi44MDE3NjAiLCJjaXR5IjoiU3BvbGV0byIsInN0YXRlIjoiVW1icmlhIiwiY291bnRyeSI6Ikl0YWx5Iiwib25jbGlja19hY3Rpb24iOiJtYXJrZXIiLCJtYXJrZXJfaW1hZ2UiOiI8ZGl2IGNsYXNzPSdmYy1mZWF0dXJlLWltZyc+PGltZyBsb2FkaW5nPSdsYXp5JyBkZWNvZGluZz0nYXN5bmMnIGFsdD0nUG9zdG8gZGVsIFNvbGUnIHNyYz0naHR0cHM6XC9cL3d3dy52YWxpY29kZWlwZWxsZWdyaW5pLml0XC93cC1jb250ZW50XC9wbHVnaW5zXC93cC1nb29nbGUtbWFwLXBsdWdpblwvYXNzZXRzXC9pbWFnZXNcL3NhbXBsZS5qcGcnIGNsYXNzPSd3cGdtcF9tYXJrZXJfaW1hZ2UgZmMtaXRlbS1mZWF0dXJlZF9pbWFnZSBmYy1pdGVtLWxhcmdlJyBcLz48XC9kaXY+Iiwib3Blbl9uZXdfdGFiIjoieWVzIiwicG9zdGFsX2NvZGUiOiIwNjA0OSIsImFuaW1hdGlvbiI6IkJPVU5DRSIsImluZm93aW5kb3dfZGlzYWJsZSI6dHJ1ZSwiem9vbSI6NSwiZXh0cmFfZmllbGRzIjp7Imxpc3RvcmRlciI6MH19fV0sIm1hcF9wcm9wZXJ0eSI6eyJtYXBfaWQiOiIxIn0sInNoYXBlcyI6eyJkcmF3aW5nX2VkaXRhYmxlIjpmYWxzZX0sImZpbHRlcnMiOnsiZmlsdGVyc19jb250YWluZXIiOiJbZGF0YS1jb250YWluZXI9XCJ3cGdtcC1maWx0ZXJzLWNvbnRhaW5lclwiXSJ9LCJnbG9iYWxfc2V0dGluZ3MiOnsid3BnbXBfbGFuZ3VhZ2UiOiJlbiIsIndwZ21wX3ZlcnNpb24iOiI0LjkuMSJ9LCJwcm92aWRlciI6Imdvb2dsZSIsImFwaUtleSI6IiJ9\"; });<\/script><\/p>\n","protected":false},"excerpt":{"rendered":"","protected":false},"author":1,"featured_media":0,"parent":0,"menu_order":0,"comment_status":"closed","ping_status":"closed","template":"","meta":{"footnotes":""},"class_list":["post-6606","page","type-page","status-publish","hentry"],"yoast_head":"<!-- This site is optimized with the Yoast SEO plugin v27.0 - https:\/\/yoast.com\/product\/yoast-seo-wordpress\/ -->\n<title>O\u00f9 nous sommes - Agriturismo Valico dei Pellegrini<\/title>\n<meta name=\"robots\" content=\"index, follow, max-snippet:-1, max-image-preview:large, max-video-preview:-1\" \/>\n<link rel=\"canonical\" href=\"https:\/\/www.valicodeipellegrini.it\/fr\/ou-nous-sommes\/\" \/>\n<meta property=\"og:locale\" content=\"fr_FR\" \/>\n<meta property=\"og:type\" content=\"article\" \/>\n<meta property=\"og:title\" content=\"O\u00f9 nous sommes - Agriturismo Valico dei Pellegrini\" \/>\n<meta property=\"og:url\" content=\"https:\/\/www.valicodeipellegrini.it\/fr\/ou-nous-sommes\/\" \/>\n<meta property=\"og:site_name\" content=\"Agriturismo Valico dei Pellegrini\" \/>\n<meta property=\"article:modified_time\" content=\"2026-04-21T20:38:45+00:00\" \/>\n<meta name=\"twitter:card\" content=\"summary_large_image\" \/>\n<meta name=\"twitter:label1\" content=\"Dur\u00e9e de lecture estim\u00e9e\" \/>\n\t<meta name=\"twitter:data1\" content=\"2 minutes\" \/>\n<script type=\"application\/ld+json\" class=\"yoast-schema-graph\">{\"@context\":\"https:\/\/schema.org\",\"@graph\":[{\"@type\":\"WebPage\",\"@id\":\"https:\/\/www.valicodeipellegrini.it\/fr\/ou-nous-sommes\/\",\"url\":\"https:\/\/www.valicodeipellegrini.it\/fr\/ou-nous-sommes\/\",\"name\":\"O\u00f9 nous sommes - Agriturismo Valico dei Pellegrini\",\"isPartOf\":{\"@id\":\"https:\/\/www.valicodeipellegrini.it\/#website\"},\"datePublished\":\"2016-03-31T10:46:33+00:00\",\"dateModified\":\"2026-04-21T20:38:45+00:00\",\"breadcrumb\":{\"@id\":\"https:\/\/www.valicodeipellegrini.it\/fr\/ou-nous-sommes\/#breadcrumb\"},\"inLanguage\":\"fr-FR\",\"potentialAction\":[{\"@type\":\"ReadAction\",\"target\":[\"https:\/\/www.valicodeipellegrini.it\/fr\/ou-nous-sommes\/\"]}]},{\"@type\":\"BreadcrumbList\",\"@id\":\"https:\/\/www.valicodeipellegrini.it\/fr\/ou-nous-sommes\/#breadcrumb\",\"itemListElement\":[{\"@type\":\"ListItem\",\"position\":1,\"name\":\"Home\",\"item\":\"https:\/\/www.valicodeipellegrini.it\/fr\/\"},{\"@type\":\"ListItem\",\"position\":2,\"name\":\"O\u00f9 nous sommes\"}]},{\"@type\":\"WebSite\",\"@id\":\"https:\/\/www.valicodeipellegrini.it\/#website\",\"url\":\"https:\/\/www.valicodeipellegrini.it\/\",\"name\":\"Agriturismo Valico dei Pellegrini\",\"description\":\"Natura e relax in Umbria\",\"potentialAction\":[{\"@type\":\"SearchAction\",\"target\":{\"@type\":\"EntryPoint\",\"urlTemplate\":\"https:\/\/www.valicodeipellegrini.it\/?s={search_term_string}\"},\"query-input\":{\"@type\":\"PropertyValueSpecification\",\"valueRequired\":true,\"valueName\":\"search_term_string\"}}],\"inLanguage\":\"fr-FR\"}]}<\/script>\n<!-- \/ Yoast SEO plugin. -->","yoast_head_json":{"title":"O\u00f9 nous sommes - Agriturismo Valico dei Pellegrini","robots":{"index":"index","follow":"follow","max-snippet":"max-snippet:-1","max-image-preview":"max-image-preview:large","max-video-preview":"max-video-preview:-1"},"canonical":"https:\/\/www.valicodeipellegrini.it\/fr\/ou-nous-sommes\/","og_locale":"fr_FR","og_type":"article","og_title":"O\u00f9 nous sommes - Agriturismo Valico dei Pellegrini","og_url":"https:\/\/www.valicodeipellegrini.it\/fr\/ou-nous-sommes\/","og_site_name":"Agriturismo Valico dei Pellegrini","article_modified_time":"2026-04-21T20:38:45+00:00","twitter_card":"summary_large_image","twitter_misc":{"Dur\u00e9e de lecture estim\u00e9e":"2 minutes"},"schema":{"@context":"https:\/\/schema.org","@graph":[{"@type":"WebPage","@id":"https:\/\/www.valicodeipellegrini.it\/fr\/ou-nous-sommes\/","url":"https:\/\/www.valicodeipellegrini.it\/fr\/ou-nous-sommes\/","name":"O\u00f9 nous sommes - Agriturismo Valico dei Pellegrini","isPartOf":{"@id":"https:\/\/www.valicodeipellegrini.it\/#website"},"datePublished":"2016-03-31T10:46:33+00:00","dateModified":"2026-04-21T20:38:45+00:00","breadcrumb":{"@id":"https:\/\/www.valicodeipellegrini.it\/fr\/ou-nous-sommes\/#breadcrumb"},"inLanguage":"fr-FR","potentialAction":[{"@type":"ReadAction","target":["https:\/\/www.valicodeipellegrini.it\/fr\/ou-nous-sommes\/"]}]},{"@type":"BreadcrumbList","@id":"https:\/\/www.valicodeipellegrini.it\/fr\/ou-nous-sommes\/#breadcrumb","itemListElement":[{"@type":"ListItem","position":1,"name":"Home","item":"https:\/\/www.valicodeipellegrini.it\/fr\/"},{"@type":"ListItem","position":2,"name":"O\u00f9 nous sommes"}]},{"@type":"WebSite","@id":"https:\/\/www.valicodeipellegrini.it\/#website","url":"https:\/\/www.valicodeipellegrini.it\/","name":"Agriturismo Valico dei Pellegrini","description":"Natura e relax in Umbria","potentialAction":[{"@type":"SearchAction","target":{"@type":"EntryPoint","urlTemplate":"https:\/\/www.valicodeipellegrini.it\/?s={search_term_string}"},"query-input":{"@type":"PropertyValueSpecification","valueRequired":true,"valueName":"search_term_string"}}],"inLanguage":"fr-FR"}]}},"_links":{"self":[{"href":"https:\/\/www.valicodeipellegrini.it\/fr\/wp-json\/wp\/v2\/pages\/6606","targetHints":{"allow":["GET"]}}],"collection":[{"href":"https:\/\/www.valicodeipellegrini.it\/fr\/wp-json\/wp\/v2\/pages"}],"about":[{"href":"https:\/\/www.valicodeipellegrini.it\/fr\/wp-json\/wp\/v2\/types\/page"}],"author":[{"embeddable":true,"href":"https:\/\/www.valicodeipellegrini.it\/fr\/wp-json\/wp\/v2\/users\/1"}],"replies":[{"embeddable":true,"href":"https:\/\/www.valicodeipellegrini.it\/fr\/wp-json\/wp\/v2\/comments?post=6606"}],"version-history":[{"count":3,"href":"https:\/\/www.valicodeipellegrini.it\/fr\/wp-json\/wp\/v2\/pages\/6606\/revisions"}],"predecessor-version":[{"id":7406,"href":"https:\/\/www.valicodeipellegrini.it\/fr\/wp-json\/wp\/v2\/pages\/6606\/revisions\/7406"}],"wp:attachment":[{"href":"https:\/\/www.valicodeipellegrini.it\/fr\/wp-json\/wp\/v2\/media?parent=6606"}],"curies":[{"name":"wp","href":"https:\/\/api.w.org\/{rel}","templated":true}]}}