{"id":6583,"date":"2016-03-31T10:15:59","date_gmt":"2016-03-31T10:15:59","guid":{"rendered":"https:\/\/www.valicodeipellegrini.it\/fr\/?page_id=6583"},"modified":"2026-04-02T14:53:42","modified_gmt":"2026-04-02T14:53:42","slug":"accueil","status":"publish","type":"page","link":"https:\/\/www.valicodeipellegrini.it\/fr\/","title":{"rendered":"Accueil"},"content":{"rendered":"<div class=\"fullpage-block fullpage-block-8-1\">\n<div class=\"fullpage-item\">\n<div style=\"padding-top:30px;\"><\/div>\n<h2 style=\"text-align: center;\">LES FERMES<\/h2>\n<h6 style=\"text-align: center;\">LE G\u00ceTE RURAL EST COMPOS\u00c9 DE TROIS SUPERBES FERMES PLONG\u00c9ES AU COEUR DE LA VERTE OMBRIE, PR\u00c8S DE SPOLETO.<\/h6>\n<div style=\"padding-top:30px;\"><\/div>\n<p><!-- Villa Marianna --><\/p>\n<div class=\"casale-row\" style=\"display:flex; align-items:center; flex-wrap:wrap; padding-bottom:20px;\">\n<div class=\"casale-foto\" style=\"width:48.2%; margin-right:3.225%;\">\n<a href=\"https:\/\/www.valicodeipellegrini.it\/fr\/les-fermes\/villa-marianna\/\"><img decoding=\"async\" src=\"https:\/\/www.valicodeipellegrini.it\/wp-content\/uploads\/2014\/05\/villamarianna1.jpg\" alt=\"Villa Marianna\" style=\"width:100%;\" \/><\/a><\/div>\n<div class=\"casale-desc\" style=\"width:48.2%;\">\n<h4><a href=\"https:\/\/www.valicodeipellegrini.it\/fr\/les-fermes\/villa-marianna\/\">Villa Marianna<\/a><\/h4>\n<ul>\n<li>Capacit\u00e9 d&rsquo;accueil totale de 25 places-lits r\u00e9parties en 5 appartements<\/li>\n<li>salle de bain \u00e9quip\u00e9e pour les personnes handicap\u00e9es (au rez-de-chauss\u00e9e)<\/li>\n<li>connexion internet Wi-Fi<\/li>\n<li>possibilit\u00e9 d&rsquo;amener des animaux domestiques<\/li>\n<\/ul>\n<\/div>\n<\/div>\n<p><!-- Vista del Mondo --><\/p>\n<div class=\"casale-row\" style=\"display:flex; align-items:center; flex-wrap:wrap; padding-bottom:20px;\">\n<div class=\"casale-foto\" style=\"width:48.2%; margin-right:3.225%;\">\n<a href=\"https:\/\/www.valicodeipellegrini.it\/fr\/les-fermes\/vista-del-mondo\/\"><img decoding=\"async\" src=\"https:\/\/www.valicodeipellegrini.it\/wp-content\/uploads\/2015\/11\/vistadelmondo.jpg\" alt=\"Vista del Mondo\" style=\"width:100%;\" \/><\/a><\/div>\n<div class=\"casale-desc\" style=\"width:48.2%;\">\n<h4><a href=\"https:\/\/www.valicodeipellegrini.it\/fr\/les-fermes\/vista-del-mondo\/\">Vista del Mondo<\/a><\/h4>\n<ul>\n<li>Capacit\u00e9 d&rsquo;accueil totale de 13 places-lits r\u00e9parties en 2 appartements sur deux \u00e9tages chacun<\/li>\n<li>salle de bain \u00e9quip\u00e9e pour les personnes handicap\u00e9es (au rez-de-chauss\u00e9e)<\/li>\n<li>connexion internet Wi-Fi<\/li>\n<li>possibilit\u00e9 d&rsquo;amener des animaux domestiques<\/li>\n<\/ul>\n<\/div>\n<\/div>\n<p><!-- Posto del Sole --><\/p>\n<div class=\"casale-row\" style=\"display:flex; align-items:center; flex-wrap:wrap; padding-bottom:20px;\">\n<div class=\"casale-foto\" style=\"width:48.2%; margin-right:3.225%;\">\n<a href=\"https:\/\/www.valicodeipellegrini.it\/fr\/les-fermes\/posto-del-sole\/\"><img decoding=\"async\" src=\"https:\/\/www.valicodeipellegrini.it\/wp-content\/uploads\/2015\/11\/agriturismo-posto-del-sole-piscina.jpg\" alt=\"Posto del Sole\" style=\"width:100%;\" \/><\/a><\/div>\n<div class=\"casale-desc\" style=\"width:48.2%;\">\n<h4><a href=\"https:\/\/www.valicodeipellegrini.it\/fr\/les-fermes\/posto-del-sole\/\">Posto del Sole<\/a><\/h4>\n<ul>\n<li>Capacit\u00e9 d&rsquo;accueil totale de 17 places-lits r\u00e9parties en 4 appartements<\/li>\n<li>salle de bain \u00e9quip\u00e9e pour les personnes handicap\u00e9es (au rez-de-chauss\u00e9e)<\/li>\n<li>connexion internet Wi-Fi<\/li>\n<li>possibilit\u00e9 d&rsquo;amener des animaux domestiques<\/li>\n<\/ul>\n<\/div>\n<\/div>\n<\/div>\n<\/div>\n<div class=\"fullpage-block fullpage-block-8-2\">\n<div class=\"fullpage-item\">\n<div style=\"padding-top:30px;\"><\/div>\n<div class=\"column2 column_space\">\n<div class=\"shortcode-time-counter-block\"><i style=\"color:#83D5C0 !important;\" class=\"time-count-icon icon-moon\"><\/i><div class=\"time-count-data\" id=\"time-count-data-6583-6932\" data-start=\"40\" data-end=\"55\"><\/div><div class=\"time-count-title\"><h4>Nombre total de places-lits<\/h4><\/div>\n<\/div>\n<script>\njQuery(document).ready(function($){\n\t$('#time-count-data-6583-6932').waypoint(function() {\n    $('#time-count-data-6583-6932').countTo({\n        from: 40,\n        to: 55,\n        speed: 5000,\n        decimals: 0,\n        refreshInterval: 50,\n        onComplete: function(value) {\n        }\n    });\n\t}, { offset: 'bottom-in-view',triggerOnce: true });\n});\n<\/script><\/div>\n<div class=\"column2 clearfix\">\n<div class=\"shortcode-time-counter-block\"><i style=\"color:#3CBC6D !important;\" class=\"time-count-icon icon-leaf\"><\/i><div class=\"time-count-data\" id=\"time-count-data-6583-5562\" data-start=\"135\" data-end=\"150\"><\/div><div class=\"time-count-title\"><h4>Hectares de verdure<\/h4><\/div>\n<\/div>\n<script>\njQuery(document).ready(function($){\n\t$('#time-count-data-6583-5562').waypoint(function() {\n    $('#time-count-data-6583-5562').countTo({\n        from: 135,\n        to: 150,\n        speed: 5000,\n        decimals: 0,\n        refreshInterval: 50,\n        onComplete: function(value) {\n        }\n    });\n\t}, { offset: 'bottom-in-view',triggerOnce: true });\n});\n<\/script><\/div>\n<div class=\"clear\"><\/div>\n<\/div>\n<\/div>\n","protected":false},"excerpt":{"rendered":"<p>LES FERMES LE G\u00ceTE RURAL EST COMPOS\u00c9 DE TROIS SUPERBES FERMES PLONG\u00c9ES AU COEUR DE LA VERTE OMBRIE, PR\u00c8S DE SPOLETO. Villa Marianna Capacit\u00e9 d&rsquo;accueil totale de 25 places-lits r\u00e9parties en 5 appartements salle de bain \u00e9quip\u00e9e pour les personnes handicap\u00e9es (au rez-de-chauss\u00e9e) connexion internet Wi-Fi possibilit\u00e9 d&rsquo;amener des animaux domestiques Vista del Mondo Capacit\u00e9 d&rsquo;accueil totale de 13 places-lits r\u00e9parties en 2 appartements sur deux \u00e9tages chacun salle de bain \u00e9quip\u00e9e pour les personnes handicap\u00e9es (au rez-de-chauss\u00e9e) connexion internet [&hellip;]<\/p>\n","protected":false},"author":1,"featured_media":0,"parent":0,"menu_order":0,"comment_status":"closed","ping_status":"closed","template":"template-fullpage.php","meta":{"footnotes":""},"class_list":["post-6583","page","type-page","status-publish","hentry"],"yoast_head":"<!-- This site is optimized with the Yoast SEO plugin v27.0 - https:\/\/yoast.com\/product\/yoast-seo-wordpress\/ -->\n<title>Accueil - Agriturismo Valico dei Pellegrini<\/title>\n<meta name=\"robots\" content=\"index, follow, max-snippet:-1, max-image-preview:large, max-video-preview:-1\" \/>\n<link rel=\"canonical\" href=\"https:\/\/www.valicodeipellegrini.it\/fr\/\" \/>\n<meta property=\"og:locale\" content=\"fr_FR\" \/>\n<meta property=\"og:type\" content=\"article\" \/>\n<meta property=\"og:title\" content=\"Accueil - Agriturismo Valico dei Pellegrini\" \/>\n<meta property=\"og:description\" content=\"LES FERMES LE G\u00ceTE RURAL EST COMPOS\u00c9 DE TROIS SUPERBES FERMES PLONG\u00c9ES AU COEUR DE LA VERTE OMBRIE, PR\u00c8S DE SPOLETO. Villa Marianna Capacit\u00e9 d&rsquo;accueil totale de 25 places-lits r\u00e9parties en 5 appartements salle de bain \u00e9quip\u00e9e pour les personnes handicap\u00e9es (au rez-de-chauss\u00e9e) connexion internet Wi-Fi possibilit\u00e9 d&rsquo;amener des animaux domestiques Vista del Mondo Capacit\u00e9 d&rsquo;accueil totale de 13 places-lits r\u00e9parties en 2 appartements sur deux \u00e9tages chacun salle de bain \u00e9quip\u00e9e pour les personnes handicap\u00e9es (au rez-de-chauss\u00e9e) connexion internet [&hellip;]\" \/>\n<meta property=\"og:url\" content=\"https:\/\/www.valicodeipellegrini.it\/fr\/\" \/>\n<meta property=\"og:site_name\" content=\"Agriturismo Valico dei Pellegrini\" \/>\n<meta property=\"article:modified_time\" content=\"2026-04-02T14:53:42+00:00\" \/>\n<meta property=\"og:image\" content=\"https:\/\/www.valicodeipellegrini.it\/wp-content\/uploads\/2014\/05\/villamarianna1.jpg\" \/>\n<meta name=\"twitter:card\" content=\"summary_large_image\" \/>\n<meta name=\"twitter:label1\" content=\"Dur\u00e9e de lecture estim\u00e9e\" \/>\n\t<meta name=\"twitter:data1\" content=\"2 minutes\" \/>\n<script type=\"application\/ld+json\" class=\"yoast-schema-graph\">{\"@context\":\"https:\/\/schema.org\",\"@graph\":[{\"@type\":\"WebPage\",\"@id\":\"https:\/\/www.valicodeipellegrini.it\/fr\/\",\"url\":\"https:\/\/www.valicodeipellegrini.it\/fr\/\",\"name\":\"Accueil - Agriturismo Valico dei Pellegrini\",\"isPartOf\":{\"@id\":\"https:\/\/www.valicodeipellegrini.it\/#website\"},\"primaryImageOfPage\":{\"@id\":\"https:\/\/www.valicodeipellegrini.it\/fr\/#primaryimage\"},\"image\":{\"@id\":\"https:\/\/www.valicodeipellegrini.it\/fr\/#primaryimage\"},\"thumbnailUrl\":\"https:\/\/www.valicodeipellegrini.it\/wp-content\/uploads\/2014\/05\/villamarianna1.jpg\",\"datePublished\":\"2016-03-31T10:15:59+00:00\",\"dateModified\":\"2026-04-02T14:53:42+00:00\",\"breadcrumb\":{\"@id\":\"https:\/\/www.valicodeipellegrini.it\/fr\/#breadcrumb\"},\"inLanguage\":\"fr-FR\",\"potentialAction\":[{\"@type\":\"ReadAction\",\"target\":[\"https:\/\/www.valicodeipellegrini.it\/fr\/\"]}]},{\"@type\":\"ImageObject\",\"inLanguage\":\"fr-FR\",\"@id\":\"https:\/\/www.valicodeipellegrini.it\/fr\/#primaryimage\",\"url\":\"https:\/\/www.valicodeipellegrini.it\/wp-content\/uploads\/2014\/05\/villamarianna1.jpg\",\"contentUrl\":\"https:\/\/www.valicodeipellegrini.it\/wp-content\/uploads\/2014\/05\/villamarianna1.jpg\"},{\"@type\":\"BreadcrumbList\",\"@id\":\"https:\/\/www.valicodeipellegrini.it\/fr\/#breadcrumb\",\"itemListElement\":[{\"@type\":\"ListItem\",\"position\":1,\"name\":\"Home\",\"item\":\"https:\/\/www.valicodeipellegrini.it\/fr\/\"},{\"@type\":\"ListItem\",\"position\":2,\"name\":\"Accueil\"}]},{\"@type\":\"WebSite\",\"@id\":\"https:\/\/www.valicodeipellegrini.it\/#website\",\"url\":\"https:\/\/www.valicodeipellegrini.it\/\",\"name\":\"Agriturismo Valico dei Pellegrini\",\"description\":\"Natura e relax in Umbria\",\"potentialAction\":[{\"@type\":\"SearchAction\",\"target\":{\"@type\":\"EntryPoint\",\"urlTemplate\":\"https:\/\/www.valicodeipellegrini.it\/?s={search_term_string}\"},\"query-input\":{\"@type\":\"PropertyValueSpecification\",\"valueRequired\":true,\"valueName\":\"search_term_string\"}}],\"inLanguage\":\"fr-FR\"}]}<\/script>\n<!-- \/ Yoast SEO plugin. -->","yoast_head_json":{"title":"Accueil - Agriturismo Valico dei Pellegrini","robots":{"index":"index","follow":"follow","max-snippet":"max-snippet:-1","max-image-preview":"max-image-preview:large","max-video-preview":"max-video-preview:-1"},"canonical":"https:\/\/www.valicodeipellegrini.it\/fr\/","og_locale":"fr_FR","og_type":"article","og_title":"Accueil - Agriturismo Valico dei Pellegrini","og_description":"LES FERMES LE G\u00ceTE RURAL EST COMPOS\u00c9 DE TROIS SUPERBES FERMES PLONG\u00c9ES AU COEUR DE LA VERTE OMBRIE, PR\u00c8S DE SPOLETO. Villa Marianna Capacit\u00e9 d&rsquo;accueil totale de 25 places-lits r\u00e9parties en 5 appartements salle de bain \u00e9quip\u00e9e pour les personnes handicap\u00e9es (au rez-de-chauss\u00e9e) connexion internet Wi-Fi possibilit\u00e9 d&rsquo;amener des animaux domestiques Vista del Mondo Capacit\u00e9 d&rsquo;accueil totale de 13 places-lits r\u00e9parties en 2 appartements sur deux \u00e9tages chacun salle de bain \u00e9quip\u00e9e pour les personnes handicap\u00e9es (au rez-de-chauss\u00e9e) connexion internet [&hellip;]","og_url":"https:\/\/www.valicodeipellegrini.it\/fr\/","og_site_name":"Agriturismo Valico dei Pellegrini","article_modified_time":"2026-04-02T14:53:42+00:00","og_image":[{"url":"https:\/\/www.valicodeipellegrini.it\/wp-content\/uploads\/2014\/05\/villamarianna1.jpg","type":"","width":"","height":""}],"twitter_card":"summary_large_image","twitter_misc":{"Dur\u00e9e de lecture estim\u00e9e":"2 minutes"},"schema":{"@context":"https:\/\/schema.org","@graph":[{"@type":"WebPage","@id":"https:\/\/www.valicodeipellegrini.it\/fr\/","url":"https:\/\/www.valicodeipellegrini.it\/fr\/","name":"Accueil - Agriturismo Valico dei Pellegrini","isPartOf":{"@id":"https:\/\/www.valicodeipellegrini.it\/#website"},"primaryImageOfPage":{"@id":"https:\/\/www.valicodeipellegrini.it\/fr\/#primaryimage"},"image":{"@id":"https:\/\/www.valicodeipellegrini.it\/fr\/#primaryimage"},"thumbnailUrl":"https:\/\/www.valicodeipellegrini.it\/wp-content\/uploads\/2014\/05\/villamarianna1.jpg","datePublished":"2016-03-31T10:15:59+00:00","dateModified":"2026-04-02T14:53:42+00:00","breadcrumb":{"@id":"https:\/\/www.valicodeipellegrini.it\/fr\/#breadcrumb"},"inLanguage":"fr-FR","potentialAction":[{"@type":"ReadAction","target":["https:\/\/www.valicodeipellegrini.it\/fr\/"]}]},{"@type":"ImageObject","inLanguage":"fr-FR","@id":"https:\/\/www.valicodeipellegrini.it\/fr\/#primaryimage","url":"https:\/\/www.valicodeipellegrini.it\/wp-content\/uploads\/2014\/05\/villamarianna1.jpg","contentUrl":"https:\/\/www.valicodeipellegrini.it\/wp-content\/uploads\/2014\/05\/villamarianna1.jpg"},{"@type":"BreadcrumbList","@id":"https:\/\/www.valicodeipellegrini.it\/fr\/#breadcrumb","itemListElement":[{"@type":"ListItem","position":1,"name":"Home","item":"https:\/\/www.valicodeipellegrini.it\/fr\/"},{"@type":"ListItem","position":2,"name":"Accueil"}]},{"@type":"WebSite","@id":"https:\/\/www.valicodeipellegrini.it\/#website","url":"https:\/\/www.valicodeipellegrini.it\/","name":"Agriturismo Valico dei Pellegrini","description":"Natura e relax in Umbria","potentialAction":[{"@type":"SearchAction","target":{"@type":"EntryPoint","urlTemplate":"https:\/\/www.valicodeipellegrini.it\/?s={search_term_string}"},"query-input":{"@type":"PropertyValueSpecification","valueRequired":true,"valueName":"search_term_string"}}],"inLanguage":"fr-FR"}]}},"_links":{"self":[{"href":"https:\/\/www.valicodeipellegrini.it\/fr\/wp-json\/wp\/v2\/pages\/6583","targetHints":{"allow":["GET"]}}],"collection":[{"href":"https:\/\/www.valicodeipellegrini.it\/fr\/wp-json\/wp\/v2\/pages"}],"about":[{"href":"https:\/\/www.valicodeipellegrini.it\/fr\/wp-json\/wp\/v2\/types\/page"}],"author":[{"embeddable":true,"href":"https:\/\/www.valicodeipellegrini.it\/fr\/wp-json\/wp\/v2\/users\/1"}],"replies":[{"embeddable":true,"href":"https:\/\/www.valicodeipellegrini.it\/fr\/wp-json\/wp\/v2\/comments?post=6583"}],"version-history":[{"count":6,"href":"https:\/\/www.valicodeipellegrini.it\/fr\/wp-json\/wp\/v2\/pages\/6583\/revisions"}],"predecessor-version":[{"id":7238,"href":"https:\/\/www.valicodeipellegrini.it\/fr\/wp-json\/wp\/v2\/pages\/6583\/revisions\/7238"}],"wp:attachment":[{"href":"https:\/\/www.valicodeipellegrini.it\/fr\/wp-json\/wp\/v2\/media?parent=6583"}],"curies":[{"name":"wp","href":"https:\/\/api.w.org\/{rel}","templated":true}]}}