{"id":7721,"date":"2026-04-29T15:04:40","date_gmt":"2026-04-29T15:04:40","guid":{"rendered":"https:\/\/www.valicodeipellegrini.it\/?page_id=7721"},"modified":"2026-04-29T16:08:22","modified_gmt":"2026-04-29T16:08:22","slug":"casa-de-vacaciones-castel-santa-maria","status":"publish","type":"page","link":"https:\/\/www.valicodeipellegrini.it\/es\/las-casas-de-campo\/casa-de-vacaciones-castel-santa-maria\/","title":{"rendered":"Casa de Vacaciones Castel Santa Maria"},"content":{"rendered":"<h1> <\/h1>\n<h1 style=\"text-align: center;\">Casa de Vacaciones Castel Santa Maria<\/h1>\n<div class=\"clearfix divider-common divider-blank\" style=\"padding-top:20px;padding-bottom:20px;\"><\/div>\n<h2 style=\"text-align: center;\">Pr\u00f3xima apertura<\/h2>\n<p>&nbsp;<\/p>\n\n<div class=\"column3 column_space\"><a href=\"https:\/\/www.valicodeipellegrini.it\/wp-content\/uploads\/2026\/04\/castel-santa-maria-costruzione-2.jpg\"><img loading=\"lazy\" decoding=\"async\" class=\"size-medium aligncenter\" src=\"https:\/\/www.valicodeipellegrini.it\/wp-content\/uploads\/2026\/04\/castel-santa-maria-costruzione-2-300x202.jpg\" alt=\"castel-santa-maria-costruzione-2\" width=\"300\" height=\"202\" \/><\/a><\/div> <div class=\"column3 column_space\"><a href=\"https:\/\/www.valicodeipellegrini.it\/wp-content\/uploads\/2026\/04\/castel-santa-maria-esterno1-1.jpg\"><img loading=\"lazy\" decoding=\"async\" class=\"size-medium aligncenter\" src=\"https:\/\/www.valicodeipellegrini.it\/wp-content\/uploads\/2026\/04\/castel-santa-maria-esterno1-1-300x199.jpg\" alt=\"castel-santa-maria-esterno1-1\" width=\"300\" height=\"199\" \/><\/a><\/div> <div class=\"column3 clearfix\"><a href=\"https:\/\/www.valicodeipellegrini.it\/wp-content\/uploads\/2026\/04\/castel-santa-maria-esterno3-1.jpg\"><img loading=\"lazy\" decoding=\"async\" class=\"size-medium aligncenter\" src=\"https:\/\/www.valicodeipellegrini.it\/wp-content\/uploads\/2026\/04\/castel-santa-maria-esterno3-1-300x200.jpg\" alt=\"castel-santa-maria-esterno3-1\" width=\"300\" height=\"200\" \/><\/a><\/div><div class=\"clear\"><\/div>\n\n<div class=\"column3 column_space\"><a href=\"https:\/\/www.valicodeipellegrini.it\/wp-content\/uploads\/2026\/04\/castel-santa-maria-esterno4-1.jpg\"><img loading=\"lazy\" decoding=\"async\" class=\"size-medium aligncenter\" src=\"https:\/\/www.valicodeipellegrini.it\/wp-content\/uploads\/2026\/04\/castel-santa-maria-esterno4-1-300x206.jpg\" alt=\"castel-santa-maria-esterno4-1\" width=\"300\" height=\"206\" \/><\/a><\/div> <div class=\"column3 column_space\"><a href=\"https:\/\/www.valicodeipellegrini.it\/wp-content\/uploads\/2026\/04\/castel-santa-maria-panorama1-1.jpg\"><img loading=\"lazy\" decoding=\"async\" class=\"size-medium aligncenter\" src=\"https:\/\/www.valicodeipellegrini.it\/wp-content\/uploads\/2026\/04\/castel-santa-maria-panorama1-1-300x223.jpg\" alt=\"castel-santa-maria-panorama1-1\" width=\"300\" height=\"223\" \/><\/a><\/div> <div class=\"column3 clearfix\"><a href=\"https:\/\/www.valicodeipellegrini.it\/wp-content\/uploads\/2026\/04\/castel-santa-maria-panorama2-1.jpg\"><img loading=\"lazy\" decoding=\"async\" class=\"size-medium aligncenter\" src=\"https:\/\/www.valicodeipellegrini.it\/wp-content\/uploads\/2026\/04\/castel-santa-maria-panorama2-1-300x224.jpg\" alt=\"castel-santa-maria-panorama2-1\" width=\"300\" height=\"224\" \/><\/a><\/div><div class=\"clear\"><\/div>\n\n<div class=\"column3 clearfix\"><a href=\"https:\/\/www.valicodeipellegrini.it\/wp-content\/uploads\/2026\/04\/castel-santa-maria-panorama3-1.jpg\"><img loading=\"lazy\" decoding=\"async\" class=\"size-medium aligncenter\" src=\"https:\/\/www.valicodeipellegrini.it\/wp-content\/uploads\/2026\/04\/castel-santa-maria-panorama3-1-300x223.jpg\" alt=\"castel-santa-maria-panorama3-1\" width=\"300\" height=\"223\" \/><\/a><\/div><div class=\"clear\"><\/div>\n<!--\n<p><strong>Apartamento n.\u00ba 1<\/strong> (planta baja): sal\u00f3n con cocina, dormitorio con 2 camas m\u00e1s sof\u00e1 cama doble, ba\u00f1o.<\/p>\n<p><strong>Apartamentos n.\u00ba 2 y 3<\/strong> (planta baja): amplio sal\u00f3n con chimenea, cocina, 2 dormitorios con 4 camas m\u00e1s sof\u00e1 cama doble, 2 ba\u00f1os, uno de los cuales adaptado para personas con movilidad reducida.<br \/>Las estancias indicadas corresponden a cada apartamento.<br \/>Cabe se\u00f1alar que los dos apartamentos pueden utilizarse de forma conjunta abriendo una puerta de comunicaci\u00f3n, o por separado manteniendo dicha puerta cerrada.<\/p>\n<p><strong>Apartamento n.\u00ba 4<\/strong> (planta 1.\u00aa): amplio sal\u00f3n con chimenea, cocina, 3 dormitorios con 9 camas m\u00e1s sof\u00e1 cama doble, 2 ba\u00f1os, amplia terraza con vistas al valle umbro.<\/p>\n<p><strong>Apartamento n.\u00ba 5<\/strong> (planta 1.\u00aa): amplio sal\u00f3n con chimenea, cocina, 3 dormitorios con 6 camas m\u00e1s sof\u00e1 cama doble, 2 ba\u00f1os.<\/p>\n<p>Es posible reservar simult\u00e1neamente uno o varios apartamentos, o el alojamiento completo.<\/p>\n<p>En la planta s\u00f3tano, <strong>bajo petici\u00f3n<\/strong>, se encuentra el agri-restaurante con cocina campesina umbra.<\/p>\n-->\n\n<div class=\"clearfix divider-common divider-blank\" style=\"padding-top:10px;padding-bottom:10px;\"><\/div>\n\n\n<div id=\"map\" style=\"width: 100%; height: 400px;\"><\/div>\n\n<div style=\"text-align: center;\"><a href=\"https:\/\/www.google.com\/maps\/dir\/?api=1&#038;destination=42.71453854331524,13.112730872021427\" target=\"_blank\" rel=\"noopener noreferrer\" style=\"display:inline-block; margin-top:12px; padding:12px 24px; background:#3478f6; color:#fff; border-radius:10px; text-decoration:none; font-weight:600;\" > C\u00f3mo llegar con Google Maps <\/a><\/div>\n\n<script>\n  const map = L.map('map').setView([42.71453854331524, 13.112730872021427], 13);\n  L.tileLayer('https:\/\/{s}.tile.openstreetmap.org\/{z}\/{x}\/{y}.png', {\n    attribution: '&copy; <a href=\"https:\/\/www.openstreetmap.org\/copyright\">OpenStreetMap<\/a>',\n    maxZoom: 19\n  }).addTo(map);\n  L.marker([42.71453854331524, 13.112730872021427]).addTo(map).bindPopup('<strong>Castel Santa Maria<\/strong>').openPopup();\n<\/script>\n\n\n\n<p>Altitud: 1105 m sobre el nivel del mar<\/p>\n\n<p>Distancias:<\/p>\n<ul>\n<li>Cascia 13,5 km<\/li>\n<li>Norcia 13 km<\/li>\n<li>Castelluccio di Norcia 37 km<\/li>\n<li>Mar Adri\u00e1tico 90 km<\/li>\n<li>Aeropuerto de Umbr\u00eda \u2013 Perugia San Francesco d&#8217;Assisi 100 km<\/li>\n<\/ul>\n\n\n<!--<p>CIN: IT054051B501014203<\/p>-->\n\n\n\n<p><\/p>\n","protected":false},"excerpt":{"rendered":"<p>Casa de Vacaciones Castel Santa Maria Pr\u00f3xima apertura &nbsp; C\u00f3mo llegar con Google Maps Altitud: 1105 m sobre el nivel del mar Distancias: Cascia 13,5 km Norcia 13 km Castelluccio di Norcia 37 km Mar Adri\u00e1tico 90 km Aeropuerto de Umbr\u00eda \u2013 Perugia San Francesco d&#8217;Assisi 100 km<\/p>\n","protected":false},"author":1,"featured_media":0,"parent":6623,"menu_order":0,"comment_status":"closed","ping_status":"closed","template":"","meta":{"footnotes":""},"class_list":["post-7721","page","type-page","status-publish","hentry"],"yoast_head":"<!-- This site is optimized with the Yoast SEO plugin v27.0 - https:\/\/yoast.com\/product\/yoast-seo-wordpress\/ -->\n<title>Casa de Vacaciones Castel Santa Maria - Agriturismo Valico dei Pellegrini<\/title>\n<meta name=\"robots\" content=\"index, follow, max-snippet:-1, max-image-preview:large, max-video-preview:-1\" \/>\n<link rel=\"canonical\" href=\"https:\/\/www.valicodeipellegrini.it\/es\/las-casas-de-campo\/casa-de-vacaciones-castel-santa-maria\/\" \/>\n<meta property=\"og:locale\" content=\"es_ES\" \/>\n<meta property=\"og:type\" content=\"article\" \/>\n<meta property=\"og:title\" content=\"Casa de Vacaciones Castel Santa Maria - Agriturismo Valico dei Pellegrini\" \/>\n<meta property=\"og:description\" content=\"Casa de Vacaciones Castel Santa Maria Pr\u00f3xima apertura &nbsp; C\u00f3mo llegar con Google Maps Altitud: 1105 m sobre el nivel del mar Distancias: Cascia 13,5 km Norcia 13 km Castelluccio di Norcia 37 km Mar Adri\u00e1tico 90 km Aeropuerto de Umbr\u00eda \u2013 Perugia San Francesco d&#8217;Assisi 100 km\" \/>\n<meta property=\"og:url\" content=\"https:\/\/www.valicodeipellegrini.it\/es\/las-casas-de-campo\/casa-de-vacaciones-castel-santa-maria\/\" \/>\n<meta property=\"og:site_name\" content=\"Agriturismo Valico dei Pellegrini\" \/>\n<meta property=\"article:modified_time\" content=\"2026-04-29T16:08:22+00:00\" \/>\n<meta property=\"og:image\" content=\"https:\/\/www.valicodeipellegrini.it\/wp-content\/uploads\/2026\/04\/castel-santa-maria-costruzione-2-300x202.jpg\" \/>\n<meta name=\"twitter:card\" content=\"summary_large_image\" \/>\n<meta name=\"twitter:label1\" content=\"Tiempo de lectura\" \/>\n\t<meta name=\"twitter:data1\" content=\"2 minutos\" \/>\n<script type=\"application\/ld+json\" class=\"yoast-schema-graph\">{\"@context\":\"https:\/\/schema.org\",\"@graph\":[{\"@type\":\"WebPage\",\"@id\":\"https:\/\/www.valicodeipellegrini.it\/es\/las-casas-de-campo\/casa-de-vacaciones-castel-santa-maria\/\",\"url\":\"https:\/\/www.valicodeipellegrini.it\/es\/las-casas-de-campo\/casa-de-vacaciones-castel-santa-maria\/\",\"name\":\"Casa de Vacaciones Castel Santa Maria - Agriturismo Valico dei Pellegrini\",\"isPartOf\":{\"@id\":\"https:\/\/www.valicodeipellegrini.it\/#website\"},\"primaryImageOfPage\":{\"@id\":\"https:\/\/www.valicodeipellegrini.it\/es\/las-casas-de-campo\/casa-de-vacaciones-castel-santa-maria\/#primaryimage\"},\"image\":{\"@id\":\"https:\/\/www.valicodeipellegrini.it\/es\/las-casas-de-campo\/casa-de-vacaciones-castel-santa-maria\/#primaryimage\"},\"thumbnailUrl\":\"https:\/\/www.valicodeipellegrini.it\/wp-content\/uploads\/2026\/04\/castel-santa-maria-costruzione-2-300x202.jpg\",\"datePublished\":\"2026-04-29T15:04:40+00:00\",\"dateModified\":\"2026-04-29T16:08:22+00:00\",\"breadcrumb\":{\"@id\":\"https:\/\/www.valicodeipellegrini.it\/es\/las-casas-de-campo\/casa-de-vacaciones-castel-santa-maria\/#breadcrumb\"},\"inLanguage\":\"es\",\"potentialAction\":[{\"@type\":\"ReadAction\",\"target\":[\"https:\/\/www.valicodeipellegrini.it\/es\/las-casas-de-campo\/casa-de-vacaciones-castel-santa-maria\/\"]}]},{\"@type\":\"ImageObject\",\"inLanguage\":\"es\",\"@id\":\"https:\/\/www.valicodeipellegrini.it\/es\/las-casas-de-campo\/casa-de-vacaciones-castel-santa-maria\/#primaryimage\",\"url\":\"https:\/\/www.valicodeipellegrini.it\/wp-content\/uploads\/2026\/04\/castel-santa-maria-costruzione-2-300x202.jpg\",\"contentUrl\":\"https:\/\/www.valicodeipellegrini.it\/wp-content\/uploads\/2026\/04\/castel-santa-maria-costruzione-2-300x202.jpg\"},{\"@type\":\"BreadcrumbList\",\"@id\":\"https:\/\/www.valicodeipellegrini.it\/es\/las-casas-de-campo\/casa-de-vacaciones-castel-santa-maria\/#breadcrumb\",\"itemListElement\":[{\"@type\":\"ListItem\",\"position\":1,\"name\":\"Home\",\"item\":\"https:\/\/www.valicodeipellegrini.it\/es\/\"},{\"@type\":\"ListItem\",\"position\":2,\"name\":\"I Casali\",\"item\":\"https:\/\/www.valicodeipellegrini.it\/es\/las-casas-de-campo\/\"},{\"@type\":\"ListItem\",\"position\":3,\"name\":\"Casa de Vacaciones Castel Santa Maria\"}]},{\"@type\":\"WebSite\",\"@id\":\"https:\/\/www.valicodeipellegrini.it\/#website\",\"url\":\"https:\/\/www.valicodeipellegrini.it\/\",\"name\":\"Agriturismo Valico dei Pellegrini\",\"description\":\"Natura e relax in Umbria\",\"potentialAction\":[{\"@type\":\"SearchAction\",\"target\":{\"@type\":\"EntryPoint\",\"urlTemplate\":\"https:\/\/www.valicodeipellegrini.it\/?s={search_term_string}\"},\"query-input\":{\"@type\":\"PropertyValueSpecification\",\"valueRequired\":true,\"valueName\":\"search_term_string\"}}],\"inLanguage\":\"es\"}]}<\/script>\n<!-- \/ Yoast SEO plugin. -->","yoast_head_json":{"title":"Casa de Vacaciones Castel Santa Maria - Agriturismo Valico dei Pellegrini","robots":{"index":"index","follow":"follow","max-snippet":"max-snippet:-1","max-image-preview":"max-image-preview:large","max-video-preview":"max-video-preview:-1"},"canonical":"https:\/\/www.valicodeipellegrini.it\/es\/las-casas-de-campo\/casa-de-vacaciones-castel-santa-maria\/","og_locale":"es_ES","og_type":"article","og_title":"Casa de Vacaciones Castel Santa Maria - Agriturismo Valico dei Pellegrini","og_description":"Casa de Vacaciones Castel Santa Maria Pr\u00f3xima apertura &nbsp; C\u00f3mo llegar con Google Maps Altitud: 1105 m sobre el nivel del mar Distancias: Cascia 13,5 km Norcia 13 km Castelluccio di Norcia 37 km Mar Adri\u00e1tico 90 km Aeropuerto de Umbr\u00eda \u2013 Perugia San Francesco d&#8217;Assisi 100 km","og_url":"https:\/\/www.valicodeipellegrini.it\/es\/las-casas-de-campo\/casa-de-vacaciones-castel-santa-maria\/","og_site_name":"Agriturismo Valico dei Pellegrini","article_modified_time":"2026-04-29T16:08:22+00:00","og_image":[{"url":"https:\/\/www.valicodeipellegrini.it\/wp-content\/uploads\/2026\/04\/castel-santa-maria-costruzione-2-300x202.jpg","type":"","width":"","height":""}],"twitter_card":"summary_large_image","twitter_misc":{"Tiempo de lectura":"2 minutos"},"schema":{"@context":"https:\/\/schema.org","@graph":[{"@type":"WebPage","@id":"https:\/\/www.valicodeipellegrini.it\/es\/las-casas-de-campo\/casa-de-vacaciones-castel-santa-maria\/","url":"https:\/\/www.valicodeipellegrini.it\/es\/las-casas-de-campo\/casa-de-vacaciones-castel-santa-maria\/","name":"Casa de Vacaciones Castel Santa Maria - Agriturismo Valico dei Pellegrini","isPartOf":{"@id":"https:\/\/www.valicodeipellegrini.it\/#website"},"primaryImageOfPage":{"@id":"https:\/\/www.valicodeipellegrini.it\/es\/las-casas-de-campo\/casa-de-vacaciones-castel-santa-maria\/#primaryimage"},"image":{"@id":"https:\/\/www.valicodeipellegrini.it\/es\/las-casas-de-campo\/casa-de-vacaciones-castel-santa-maria\/#primaryimage"},"thumbnailUrl":"https:\/\/www.valicodeipellegrini.it\/wp-content\/uploads\/2026\/04\/castel-santa-maria-costruzione-2-300x202.jpg","datePublished":"2026-04-29T15:04:40+00:00","dateModified":"2026-04-29T16:08:22+00:00","breadcrumb":{"@id":"https:\/\/www.valicodeipellegrini.it\/es\/las-casas-de-campo\/casa-de-vacaciones-castel-santa-maria\/#breadcrumb"},"inLanguage":"es","potentialAction":[{"@type":"ReadAction","target":["https:\/\/www.valicodeipellegrini.it\/es\/las-casas-de-campo\/casa-de-vacaciones-castel-santa-maria\/"]}]},{"@type":"ImageObject","inLanguage":"es","@id":"https:\/\/www.valicodeipellegrini.it\/es\/las-casas-de-campo\/casa-de-vacaciones-castel-santa-maria\/#primaryimage","url":"https:\/\/www.valicodeipellegrini.it\/wp-content\/uploads\/2026\/04\/castel-santa-maria-costruzione-2-300x202.jpg","contentUrl":"https:\/\/www.valicodeipellegrini.it\/wp-content\/uploads\/2026\/04\/castel-santa-maria-costruzione-2-300x202.jpg"},{"@type":"BreadcrumbList","@id":"https:\/\/www.valicodeipellegrini.it\/es\/las-casas-de-campo\/casa-de-vacaciones-castel-santa-maria\/#breadcrumb","itemListElement":[{"@type":"ListItem","position":1,"name":"Home","item":"https:\/\/www.valicodeipellegrini.it\/es\/"},{"@type":"ListItem","position":2,"name":"I Casali","item":"https:\/\/www.valicodeipellegrini.it\/es\/las-casas-de-campo\/"},{"@type":"ListItem","position":3,"name":"Casa de Vacaciones Castel Santa Maria"}]},{"@type":"WebSite","@id":"https:\/\/www.valicodeipellegrini.it\/#website","url":"https:\/\/www.valicodeipellegrini.it\/","name":"Agriturismo Valico dei Pellegrini","description":"Natura e relax in Umbria","potentialAction":[{"@type":"SearchAction","target":{"@type":"EntryPoint","urlTemplate":"https:\/\/www.valicodeipellegrini.it\/?s={search_term_string}"},"query-input":{"@type":"PropertyValueSpecification","valueRequired":true,"valueName":"search_term_string"}}],"inLanguage":"es"}]}},"_links":{"self":[{"href":"https:\/\/www.valicodeipellegrini.it\/es\/wp-json\/wp\/v2\/pages\/7721","targetHints":{"allow":["GET"]}}],"collection":[{"href":"https:\/\/www.valicodeipellegrini.it\/es\/wp-json\/wp\/v2\/pages"}],"about":[{"href":"https:\/\/www.valicodeipellegrini.it\/es\/wp-json\/wp\/v2\/types\/page"}],"author":[{"embeddable":true,"href":"https:\/\/www.valicodeipellegrini.it\/es\/wp-json\/wp\/v2\/users\/1"}],"replies":[{"embeddable":true,"href":"https:\/\/www.valicodeipellegrini.it\/es\/wp-json\/wp\/v2\/comments?post=7721"}],"version-history":[{"count":2,"href":"https:\/\/www.valicodeipellegrini.it\/es\/wp-json\/wp\/v2\/pages\/7721\/revisions"}],"predecessor-version":[{"id":7754,"href":"https:\/\/www.valicodeipellegrini.it\/es\/wp-json\/wp\/v2\/pages\/7721\/revisions\/7754"}],"up":[{"embeddable":true,"href":"https:\/\/www.valicodeipellegrini.it\/es\/wp-json\/wp\/v2\/pages\/6623"}],"wp:attachment":[{"href":"https:\/\/www.valicodeipellegrini.it\/es\/wp-json\/wp\/v2\/media?parent=7721"}],"curies":[{"name":"wp","href":"https:\/\/api.w.org\/{rel}","templated":true}]}}