{"id":6687,"date":"2016-03-31T13:43:36","date_gmt":"2016-03-31T13:43:36","guid":{"rendered":"https:\/\/www.valicodeipellegrini.it\/es\/?page_id=6687"},"modified":"2016-03-31T13:44:12","modified_gmt":"2016-03-31T13:44:12","slug":"nota-informativa-sobre-la-privacidad","status":"publish","type":"page","link":"https:\/\/www.valicodeipellegrini.it\/es\/nota-informativa-sobre-la-privacidad\/","title":{"rendered":"Nota informativa sobre la privacidad"},"content":{"rendered":"<p>Nota informativa de acuerdo con el art. 13 del decreto legislativo del 30 de junio de 2003 n.\u00ba 196, que incluye el C\u00f3digo en materia de protecci\u00f3n de los datos personales. De acuerdo con el art\u00edculo 13 del citado decreto legislativo que refiere las disposiciones en materia de protecci\u00f3n de los datos personales, deseamos informarle de que los datos personales facilitados por Usted voluntariamente para la activaci\u00f3n de los servicios solicitados ser\u00e1n tratados, por parte de MLSS Azienda Agricola e Agrituristica, sociedad que gestiona la p\u00e1gina web https:\/\/www.valicodeipellegrini.it, adoptando las medidas id\u00f3neas para garantizar la seguridad y la confidencialidad, respetando la normativa m\u00e1s arriba referida.<\/p>\n<p>1. Recopilaci\u00f3n de las informaciones<\/p>\n<p>1.1 La presente nota informativa concierne a los datos recogidos a trav\u00e9s de las secciones presentes en el servicio \u201cSolicitud de informaciones\u201d.<\/p>\n<p>1.2 Toda solicitud de informaci\u00f3n es comprobada por MLSS Azienda Agricola e Agrituristica mediante un sistema que requiere la introducci\u00f3n de un c\u00f3digo de confirmaci\u00f3n (Captcha); este procedimiento tiene como finalidad evitar que programas automatizados realicen solicitudes de informaci\u00f3n. <\/p>\n<p>2. Finalidad y modalidad del tratamiento de los datos<\/p>\n<p>2.1 Los datos recogidos en las hip\u00f3tesis referidas en el 1.1., son tratados exclusivamente para los siguientes objetivos:<\/p>\n<p>instaurar relaciones con los usuarios, en particular para responder a las solicitudes de informaci\u00f3n y asistencia<br \/>\nenviar comunicaciones sobre nuevas iniciativas del sitio staging.valicodeipellegrini.it<br \/>\nefectuar an\u00e1lisis estad\u00edsticos<br \/>\ncumplimiento de las obligaciones legales<\/p>\n<p>2.2 Los tratamientos se efectuar\u00e1n tanto manualmente como con la ayuda de medios electr\u00f3nicos, o automatizados, y comprenden, respetando los l\u00edmites y las condiciones incluidas en el art\u00edculo 11 del D.L. 196\/03, todas las operaciones, o conjunto de operaciones, previstas por el mismo decreto con el t\u00e9rmino \u201ctratamiento\u201d.<\/p>\n<p>3. Naturaleza de la comunicaci\u00f3n de los datos<\/p>\n<p>3.1 La comunicaci\u00f3n de los datos personales es facultativa. Sin embargo, si los datos requeridos en los campos obligatorios de los diferentes m\u00f3dulos no se comunican, o se comunican parcialmente, MLSS Azienda Agricola e Agrituristica no podr\u00e1 suministrar completamente los servicios ofrecidos a trav\u00e9s del sitio staging.valicodeipellegrini.it<\/p>\n<p>4. Comunicaci\u00f3n y difusi\u00f3n de los datos<\/p>\n<p>4.1 Los datos personales recogidos no ser\u00e1n objeto de difusi\u00f3n o comunicaci\u00f3n a Terceros, excepto en los casos previstos por la nota informativa y\/o por la ley, y siempre con las modalidades permitidas por las mismas.<\/p>\n<p>5. Derechos del interesado<\/p>\n<p>5.1 Correcci\u00f3n\/Actualizaci\u00f3n de los datos personales.<\/p>\n<p>El art\u00edculo 7 del D.L. 196\/2003 otorga al interesado el ejercicio de derechos espec\u00edficos. En particular:<\/p>\n<p>El interesado tiene derecho a obtener la confirmaci\u00f3n de la existencia o no de los datos personales que le conciernen, aunque todav\u00eda no est\u00e9n registrados, y su comunicaci\u00f3n de forma inteligible.<br \/>\nEl interesado tiene derecho a obtener la indicaci\u00f3n:<br \/>\ndel origen de los datos personales;<br \/>\nde las finalidades y las modalidades del tratamiento;<br \/>\nde la l\u00f3gica aplicada en caso de tratamientos realizados con la ayuda de herramientas electr\u00f3nicas;<br \/>\nde los datos de identificaci\u00f3n del titular, de los responsables y del representante designado seg\u00fan el art\u00edculo 5, apartado 2;<br \/>\nde los sujetos o de las categor\u00edas de sujetos a quienes pueden ser comunicados los datos o que puedan entrar en conocimiento de los mismos en calidad de representante designado en el territorio del Estado, de responsables o encargados.<br \/>\nEl interesado tiene derecho a obtener:<br \/>\nla actualizaci\u00f3n, la rectificaci\u00f3n o bien, cuando haya un inter\u00e9s, la implementaci\u00f3n de los datos;<br \/>\nla cancelaci\u00f3n, la transformaci\u00f3n de forma an\u00f3nima o el bloqueo de los datos tratados violando la ley, incluidos aquellos cuya conservaci\u00f3n no es necesaria en relaci\u00f3n con los objetivos para los que dichos datos han sido recogidos o posteriormente tratados;<br \/>\nla certificaci\u00f3n de que las operaciones de referidas en las letras a) y b) han sido transmitidas, tambi\u00e9n por lo que se refiere a su contenido, a aquellos a quienes se les ha comunicado los datos, salvo el caso en que dicho cumplimiento se demuestre imposible o comporte un uso de medios manifiestamente desproporcionado respecto del derecho protegido.<br \/>\nEl interesado tiene derecho a oponerse, en todo o en parte:<br \/>\npor motivos leg\u00edtimos, al tratamiento de los datos personales que le conciernan, aunque sean pertinentes para la finalidad de la recopilaci\u00f3n;<br \/>\nal tratamiento de datos personales que le conciernan para los efectos del env\u00edo de material publicitario o de venta directa, o para la realizaci\u00f3n de estudios de mercado o de comunicaci\u00f3n comercial.<\/p>\n<p>Podr\u00e1 ejercer estos derechos enviando un correo electr\u00f3nico a info@valicodeipellegrini.it.<\/p>\n<p>6. Titular y Responsable del tratamiento<\/p>\n<p>El titular y responsable del tratamiento es MLSS Azienda Agricola e Agrituristica con sede en Via Ancara, 1 \u2013 Spoleto \u2013 06049 (PG)<\/p>\n","protected":false},"excerpt":{"rendered":"<p>Nota informativa de acuerdo con el art. 13 del decreto legislativo del 30 de junio de 2003 n.\u00ba 196, que incluye el C\u00f3digo en materia de protecci\u00f3n de los datos personales. De acuerdo con el art\u00edculo 13 del citado decreto legislativo que refiere las disposiciones en materia de protecci\u00f3n de los datos personales, deseamos informarle de que los datos personales facilitados por Usted voluntariamente para la activaci\u00f3n de los servicios solicitados ser\u00e1n tratados, por parte de MLSS Azienda Agricola e [&hellip;]<\/p>\n","protected":false},"author":1,"featured_media":0,"parent":0,"menu_order":0,"comment_status":"closed","ping_status":"closed","template":"","meta":{"footnotes":""},"class_list":["post-6687","page","type-page","status-publish","hentry"],"yoast_head":"<!-- This site is optimized with the Yoast SEO plugin v27.0 - https:\/\/yoast.com\/product\/yoast-seo-wordpress\/ -->\n<title>Nota informativa sobre la privacidad - Agriturismo Valico dei Pellegrini<\/title>\n<meta name=\"robots\" content=\"index, follow, max-snippet:-1, max-image-preview:large, max-video-preview:-1\" \/>\n<link rel=\"canonical\" href=\"https:\/\/www.valicodeipellegrini.it\/?page_id=6018\" \/>\n<meta property=\"og:locale\" content=\"es_ES\" \/>\n<meta property=\"og:type\" content=\"article\" \/>\n<meta property=\"og:title\" content=\"Nota informativa sobre la privacidad - Agriturismo Valico dei Pellegrini\" \/>\n<meta property=\"og:description\" content=\"Nota informativa de acuerdo con el art. 13 del decreto legislativo del 30 de junio de 2003 n.\u00ba 196, que incluye el C\u00f3digo en materia de protecci\u00f3n de los datos personales. De acuerdo con el art\u00edculo 13 del citado decreto legislativo que refiere las disposiciones en materia de protecci\u00f3n de los datos personales, deseamos informarle de que los datos personales facilitados por Usted voluntariamente para la activaci\u00f3n de los servicios solicitados ser\u00e1n tratados, por parte de MLSS Azienda Agricola e [&hellip;]\" \/>\n<meta property=\"og:url\" content=\"https:\/\/www.valicodeipellegrini.it\/?page_id=6018\" \/>\n<meta property=\"og:site_name\" content=\"Agriturismo Valico dei Pellegrini\" \/>\n<meta property=\"article:modified_time\" content=\"2016-03-31T13:44:12+00:00\" \/>\n<meta name=\"twitter:card\" content=\"summary_large_image\" \/>\n<meta name=\"twitter:label1\" content=\"Tiempo de lectura\" \/>\n\t<meta name=\"twitter:data1\" content=\"4 minutos\" \/>\n<script type=\"application\/ld+json\" class=\"yoast-schema-graph\">{\"@context\":\"https:\/\/schema.org\",\"@graph\":[{\"@type\":\"WebPage\",\"@id\":\"https:\/\/www.valicodeipellegrini.it\/?page_id=6018\",\"url\":\"https:\/\/www.valicodeipellegrini.it\/?page_id=6018\",\"name\":\"Nota informativa sobre la privacidad - Agriturismo Valico dei Pellegrini\",\"isPartOf\":{\"@id\":\"https:\/\/www.valicodeipellegrini.it\/#website\"},\"datePublished\":\"2016-03-31T13:43:36+00:00\",\"dateModified\":\"2016-03-31T13:44:12+00:00\",\"breadcrumb\":{\"@id\":\"https:\/\/www.valicodeipellegrini.it\/?page_id=6018#breadcrumb\"},\"inLanguage\":\"es\",\"potentialAction\":[{\"@type\":\"ReadAction\",\"target\":[\"https:\/\/www.valicodeipellegrini.it\/?page_id=6018\"]}]},{\"@type\":\"BreadcrumbList\",\"@id\":\"https:\/\/www.valicodeipellegrini.it\/?page_id=6018#breadcrumb\",\"itemListElement\":[{\"@type\":\"ListItem\",\"position\":1,\"name\":\"Home\",\"item\":\"https:\/\/www.valicodeipellegrini.it\/es\/\"},{\"@type\":\"ListItem\",\"position\":2,\"name\":\"Nota informativa sobre la privacidad\"}]},{\"@type\":\"WebSite\",\"@id\":\"https:\/\/www.valicodeipellegrini.it\/#website\",\"url\":\"https:\/\/www.valicodeipellegrini.it\/\",\"name\":\"Agriturismo Valico dei Pellegrini\",\"description\":\"Natura e relax in Umbria\",\"potentialAction\":[{\"@type\":\"SearchAction\",\"target\":{\"@type\":\"EntryPoint\",\"urlTemplate\":\"https:\/\/www.valicodeipellegrini.it\/?s={search_term_string}\"},\"query-input\":{\"@type\":\"PropertyValueSpecification\",\"valueRequired\":true,\"valueName\":\"search_term_string\"}}],\"inLanguage\":\"es\"}]}<\/script>\n<!-- \/ Yoast SEO plugin. -->","yoast_head_json":{"title":"Nota informativa sobre la privacidad - Agriturismo Valico dei Pellegrini","robots":{"index":"index","follow":"follow","max-snippet":"max-snippet:-1","max-image-preview":"max-image-preview:large","max-video-preview":"max-video-preview:-1"},"canonical":"https:\/\/www.valicodeipellegrini.it\/?page_id=6018","og_locale":"es_ES","og_type":"article","og_title":"Nota informativa sobre la privacidad - Agriturismo Valico dei Pellegrini","og_description":"Nota informativa de acuerdo con el art. 13 del decreto legislativo del 30 de junio de 2003 n.\u00ba 196, que incluye el C\u00f3digo en materia de protecci\u00f3n de los datos personales. De acuerdo con el art\u00edculo 13 del citado decreto legislativo que refiere las disposiciones en materia de protecci\u00f3n de los datos personales, deseamos informarle de que los datos personales facilitados por Usted voluntariamente para la activaci\u00f3n de los servicios solicitados ser\u00e1n tratados, por parte de MLSS Azienda Agricola e [&hellip;]","og_url":"https:\/\/www.valicodeipellegrini.it\/?page_id=6018","og_site_name":"Agriturismo Valico dei Pellegrini","article_modified_time":"2016-03-31T13:44:12+00:00","twitter_card":"summary_large_image","twitter_misc":{"Tiempo de lectura":"4 minutos"},"schema":{"@context":"https:\/\/schema.org","@graph":[{"@type":"WebPage","@id":"https:\/\/www.valicodeipellegrini.it\/?page_id=6018","url":"https:\/\/www.valicodeipellegrini.it\/?page_id=6018","name":"Nota informativa sobre la privacidad - Agriturismo Valico dei Pellegrini","isPartOf":{"@id":"https:\/\/www.valicodeipellegrini.it\/#website"},"datePublished":"2016-03-31T13:43:36+00:00","dateModified":"2016-03-31T13:44:12+00:00","breadcrumb":{"@id":"https:\/\/www.valicodeipellegrini.it\/?page_id=6018#breadcrumb"},"inLanguage":"es","potentialAction":[{"@type":"ReadAction","target":["https:\/\/www.valicodeipellegrini.it\/?page_id=6018"]}]},{"@type":"BreadcrumbList","@id":"https:\/\/www.valicodeipellegrini.it\/?page_id=6018#breadcrumb","itemListElement":[{"@type":"ListItem","position":1,"name":"Home","item":"https:\/\/www.valicodeipellegrini.it\/es\/"},{"@type":"ListItem","position":2,"name":"Nota informativa sobre la privacidad"}]},{"@type":"WebSite","@id":"https:\/\/www.valicodeipellegrini.it\/#website","url":"https:\/\/www.valicodeipellegrini.it\/","name":"Agriturismo Valico dei Pellegrini","description":"Natura e relax in Umbria","potentialAction":[{"@type":"SearchAction","target":{"@type":"EntryPoint","urlTemplate":"https:\/\/www.valicodeipellegrini.it\/?s={search_term_string}"},"query-input":{"@type":"PropertyValueSpecification","valueRequired":true,"valueName":"search_term_string"}}],"inLanguage":"es"}]}},"_links":{"self":[{"href":"https:\/\/www.valicodeipellegrini.it\/es\/wp-json\/wp\/v2\/pages\/6687","targetHints":{"allow":["GET"]}}],"collection":[{"href":"https:\/\/www.valicodeipellegrini.it\/es\/wp-json\/wp\/v2\/pages"}],"about":[{"href":"https:\/\/www.valicodeipellegrini.it\/es\/wp-json\/wp\/v2\/types\/page"}],"author":[{"embeddable":true,"href":"https:\/\/www.valicodeipellegrini.it\/es\/wp-json\/wp\/v2\/users\/1"}],"replies":[{"embeddable":true,"href":"https:\/\/www.valicodeipellegrini.it\/es\/wp-json\/wp\/v2\/comments?post=6687"}],"version-history":[{"count":1,"href":"https:\/\/www.valicodeipellegrini.it\/es\/wp-json\/wp\/v2\/pages\/6687\/revisions"}],"predecessor-version":[{"id":6690,"href":"https:\/\/www.valicodeipellegrini.it\/es\/wp-json\/wp\/v2\/pages\/6687\/revisions\/6690"}],"wp:attachment":[{"href":"https:\/\/www.valicodeipellegrini.it\/es\/wp-json\/wp\/v2\/media?parent=6687"}],"curies":[{"name":"wp","href":"https:\/\/api.w.org\/{rel}","templated":true}]}}