{"id":6664,"date":"2016-03-31T13:23:09","date_gmt":"2016-03-31T13:23:09","guid":{"rendered":"https:\/\/www.valicodeipellegrini.it\/es\/?page_id=6664"},"modified":"2016-03-31T13:39:22","modified_gmt":"2016-03-31T13:39:22","slug":"cookie-policy","status":"publish","type":"page","link":"https:\/\/www.valicodeipellegrini.it\/es\/cookie-policy\/","title":{"rendered":"Cookie policy"},"content":{"rendered":"<h2>NOTA INFORMATIVA SOBRE EL USO DE COOKIE<\/h2>\n<p>Este sitio utiliza las cookie para que sus servicios sean simples y eficientes para los usuarios.<br \/>\nLos usuarios que visitan el Sitio ver\u00e1n cantidades m\u00ednimas de informaciones en los dispositivos en uso, ya sean ordenadores ya dispositivos perif\u00e9ricos m\u00f3viles, en peque\u00f1os archivos de texto denominados \u201ccookie\u201d guardados en los directorios utilizados por el navegador web del Usuario.<br \/>\nExisten varios tipos de cookie, algunos para optimizar el uso del Sitio y otros para habilitar determinadas funciones.<br \/>\nAnaliz\u00e1ndolas en detalle, nuestras cookie permiten:<\/p>\n<ul>\n<li>memorizar las preferencias introducidas<\/li>\n<li>evitar volver a introducir las mismas informaciones varias veces durante la visita como, por ejemplo, nombre de usuario y contrase\u00f1a<\/li>\n<li>analizar el uso de los servicios y de los contenidos para optimizar la experiencia de navegaci\u00f3n y los servicios ofrecidos<\/li>\n<\/ul>\n<h2>TIPOS DE COOKIE UTILIZADOS POR EL SITIO<\/h2>\n<p>A continuaci\u00f3n se enumeran los diferentes tipos de cookie utilizados por este sitio en funci\u00f3n de las finalidades de uso<\/p>\n<h3>Cookie t\u00e9cnicas<\/h3>\n<p>Este tipo de cookie permite el correcto funcionamiento de algunas secciones del Sitio.<br \/>\nHay dos categor\u00edas: persistentes y de sesi\u00f3n:<\/p>\n<ul>\n<li><strong>persistentes<\/strong>:<br \/>\nuna vez cerrado el navegador no se destruyen, sino que permanecen hasta una fecha de caducidad previamente establecida<\/li>\n<li><strong>de sesi\u00f3n<\/strong>:<br \/>\nse destruyen cada vez que se cierra el navegador<\/li>\n<\/ul>\n<p>Estas cookie, enviadas siempre por nuestro dominio, son necesarias para ver correctamente el sitio y, en relaci\u00f3n con los servicios t\u00e9cnicos ofrecidos, siempre se utilizar\u00e1n y enviar\u00e1n, a menos que el usuario modifique las configuraciones de su navegador (invalidando as\u00ed la visualizaci\u00f3n de las p\u00e1ginas del sitio).<\/p>\n<h3>Cookie anal\u00edticas<\/h3>\n<p>Las cookie de esta categor\u00eda se utilizan para recoger informaciones sobre el uso del sitio. Este<br \/>\nsitio utilizar\u00e1 estas informaciones para an\u00e1lisis estad\u00edsticos an\u00f3nimos a fin de mejorar el uso y para que los contenidos sean m\u00e1s interesantes y se ajusten a los deseos del usuario. Este tipo de cookie recoge datos de forma an\u00f3nima sobre las actividades de los usuarios y sobre c\u00f3mo han llegado al Sitio. Las cookie anal\u00edticas son enviadas desde el propio Sitio o desde dominios de terceras partes.<\/p>\n<h3>Cookie de an\u00e1lisis de servicios de terceras partes<\/h3>\n<p>Estas cookie se utilizan para recoger informaciones sobre el uso del Sitio por parte de los usuarios de<br \/>\nforma an\u00f3nima como: p\u00e1ginas visitadas, tiempo de permanencia, or\u00edgenes del tr\u00e1fico de procedencia, procedencia geogr\u00e1fica, edad, sexo e intereses para campa\u00f1as de marketing. Esta cookie son enviadas desde dominios de terceras partes externas al Sitio (Google Analytics).<\/p>\n<h3>Cookie para integrar productos y funciones de software de terceras partes<\/h3>\n<p>Este tipo de cookie implementa funciones desarrolladas por terceros dentro de las p\u00e1ginas del Sitio como los iconos y las preferencias expresadas en las redes sociales para compartir contenidos del sitio o para el uso de servicios de software de terceras partes (como los software para generar los mapas y otros software que ofrecen servicios adicionales). Estas cookie son enviadas desde dominios de terceras partes y desde sitios socios que ofrecen sus funcionalidades entre las p\u00e1ginas del Sitio.<\/p>\n<h3>Cookie de perfil<\/h3>\n<p>Son aquellas cookie necesarias para crear perfiles de usuarios a fin de enviar mensajes publicitarios en l\u00ednea con las preferencias manifestadas por el usuario en las p\u00e1ginas del Sitio.<\/p>\n<p>Este sitio, seg\u00fan la normativa vigente, no est\u00e1 obligado a solicitar el consentimiento para las cookie t\u00e9cnicas ni de an\u00e1lisis, ya que son necesarias para ofrecer los servicios requeridos.<\/p>\n<p>Para los restantes tipos de cookie, el consentimiento puede ser expresado por el usuario a trav\u00e9s de una o varias de las siguientes modalidades:<\/p>\n<ul>\n<li>Mediante unas configuraciones espec\u00edficas del navegador utilizado o de los correspondientes programas inform\u00e1ticos utilizados para navegar por las p\u00e1ginas que componen el Sitio<\/li>\n<li>Mediante la modificaci\u00f3n de las configuraciones del uso de los servicios de terceras parte.<\/li>\n<\/ul>\n<p>Estas dos soluciones podr\u00edan impedir al usuario utilizar o ver partes del Sitio<\/p>\n<p><strong>Sitios Web y servicios de terceras partes<\/strong><\/p>\n<p>El Sitio podr\u00eda contener conexiones a otros sitios Web que disponen de su propia nota informativa sobre la<br \/>\nprivacidad que puede ser diferente de la adoptada por este sitio y que, por tanto, no responde de estos sitios.<\/p>\n<h2>C\u00d3MO DESHABILITAR LAS COOKIE MEDIANTE LA CONFIGURACI\u00d3N DEL NAVEGADOR<\/h2>\n<p><strong>Chrome<\/strong><\/p>\n<ol>\n<li>Ejecute el navegador Chrome<\/li>\n<li>Hacer clic en el men\u00fa presente en la barra de las herramientas del navegador situado al lado de la ventana de introducci\u00f3n de url para la navegaci\u00f3n<\/li>\n<li>Seleccione Configuraciones<\/li>\n<li>Haga clic en Mostrar Configuraciones Avanzadas<\/li>\n<li>En la secci\u00f3n \u201cPrivacidad\u201d, haga clic en el bot\u00f3n \u201cConfiguraciones contenidos\u201c<\/li>\n<li>En la secci\u00f3n \u201cCookie\u201d es posible modificar las siguientes configuraciones correspondientes a las cookie:\n<ul>\n<li>Permitir la memorizaci\u00f3n de los datos en local<\/li>\n<li>Modificar los datos locales solo hasta el cierre del navegador<\/li>\n<li>Impedir a los sitios configurar las cookie<\/li>\n<li>Bloquear las cookie de terceras partes y los datos de los sitios<\/li>\n<li>Gestionar las excepciones para algunos sitios de Internet<\/li>\n<li>Eliminaci\u00f3n de una o de todas las cookie<\/li>\n<\/ul>\n<\/li>\n<\/ol>\n<p>Para m\u00e1s informaci\u00f3n, visite la  <a href=\"https:\/\/support.google.com\/accounts\/answer\/61416?hl=en\" target=\"_blank\">p\u00e1gina espec\u00edfica<\/a>.<\/p>\n<p><strong>Mozilla Firefox<\/strong><\/p>\n<ol>\n<li>Seleccione el panel Privacidad<\/li>\n<li>Hacer clic en el men\u00fa presente en la barra de las herramientas del navegador situado al lado de la ventana de introducci\u00f3n de url para la navegaci\u00f3n<\/li>\n<li>Seleccione Opciones<\/li>\n<li>Selezionare il pannello <strong>Privacy<\/strong><\/li>\n<li>Haga clic en Mostrar Configuraciones Avanzadas<\/li>\n<li>En la secci\u00f3n \u201cPrivacidad\u201d, haga clic en el bot\u00f3n \u201cConfiguraciones contenidos\u201c<\/li>\n<li>En la secci\u00f3n \u201cRastreo\u201d es posible modificar las siguientes configuraciones correspondientes a las cookie:\n<ul>\n<li>Solicitar a los sitios no efectuar ning\u00fan rastreo<\/li>\n<li>Comunicar a los sitios la disponibilidad para ser rastreado<\/li>\n<li>No comunicar ninguna preferencia correspondiente al rastreo de los datos personales<\/li>\n<\/ul>\n<\/li>\n<li>Desde la secci\u00f3n \u201cCronolog\u00eda\u201d es posible:\n<ul>\n<li>Habilitando \u201cUtilizar configuraciones personalizadas\u201d seleccionar aceptar las cookie de terceras partes (siempre, desde los sitios m\u00e1s visitados o nunca) y conservarlas durante un periodo determinado (hasta su caducidad, hasta el cierre de Firefox, o preguntar cada vez)<\/li>\n<li>Eliminar cada una de las cookie almacenadas<\/li>\n<\/ul>\n<\/li>\n<\/ol>\n<p>Para m\u00e1s informaci\u00f3n, visite la <a href=\"https:\/\/support.mozilla.org\/en-US\/kb\/enable-and-disable-cookies-website-preferences\" target=\"_blank\">p\u00e1gina espec\u00edfica<\/a>.<\/p>\n<p>Para m\u00e1s informaci\u00f3n, visite la p\u00e1gina espec\u00edfica.<\/p>\n<p><strong>Internet Explorer<\/strong><\/p>\n<ol>\n<li>Ejecute el navegador Internet Explorer<\/li>\n<li>Haga clic en el pulsador Herramientas y elija Opciones Internet <\/li>\n<li>Haga clic en la ficha Privacidad y en la secci\u00f3n Configuraciones modifique el dispositivo de desplazamiento en funci\u00f3n de la acci\u00f3n deseada para las cookie:\n<ul>\n<li>Bloquear todas las cookie<\/li>\n<li>Permitir todas las cookie<\/li>\n<li>Selecci\u00f3n de los sitios desde donde obtener cookie: desplace el cursor hasta una posici\u00f3n intermedia para no bloquear o permitir todas las cookie, presione en Sitios, en la casilla Direcci\u00f3n Sitio Web introduzca un sitio Internet y despu\u00e9s presione en Bloquear o Permitir<\/li>\n<\/ul>\n<\/li>\n<\/ol>\n<p>Para m\u00e1s informaci\u00f3n, visite la <a href=\"http:\/\/windows.microsoft.com\/it-it\/windows-vista\/block-or-allow-cookies\" target=\"_blank\">p\u00e1gina espec\u00edfica<\/a>.<\/p>\n<p><strong>Safari 6<\/strong><\/p>\n<ol>\n<li>Eseguire il Browser Safari<\/li>\n<li>Haga clic en Safari, seleccione Preferencias y presione Privacidad<\/li>\n<li>en la secci\u00f3n Bloquear Cookie, especifique c\u00f3mo debe aceptar Safari las cookie desde los sitios de Internet.<\/li>\n<li>Para ver qu\u00e9 sitios han almacenado las cookie, haga clic en Detalles<\/li>\n<\/ol>\n<p>Para m\u00e1s informaci\u00f3n, visite la p\u00e1gina espec\u00edfica.<\/p>\n<p><strong>Safari iOS (dispositivos m\u00f3viles)<\/strong><\/p>\n<ol>\n<li>Ejecute el navegador Safari iOS<\/li>\n<li>Toque en Configuraciones y despu\u00e9s Safari<\/li>\n<li>Toque en Bloquear Cookie y elija entre las diferentes opciones: \u201cNunca\u201d, \u201cDe terceras partes y anunciantes\u201d o \u201cSiempre\u201d<\/li>\n<li>Para eliminar todas las cookie almacenadas por Safari, toque en Configuraciones, despu\u00e9s en Safari y, por \u00faltimo, en Eliminar Cookie y datos<\/li>\n<\/ol>\n<p>Para m\u00e1s informaci\u00f3n, visite la <a href=\"http:\/\/support.apple.com\/kb\/HT1677?utm_source=Agillic%20Dialogue\" target=\"_blank\">p\u00e1gina espec\u00edfica<\/a>.<\/p>\n<p><strong>Opera<\/strong><\/p>\n<ol>\n<ol>\n<li>Ejecute el navegador Opera<\/li>\n<li>haga clic en Preferencias, despu\u00e9s en Avanzadas y, por \u00faltimo, en Cookie<\/li>\n<li>Selecciones una de las siguientes opciones:\n<ul>\n<li>Aceptar todas las cookie<\/li>\n<li>Aceptar las cookie solo del sitio que se visita: las cookie de terceras partes y que son enviadas por un dominio diferente del que se est\u00e1 visitando ser\u00e1n rechazadas<\/li>\n<li>No aceptar nunca las cookie: nunca se guardar\u00e1 ninguna cookie <\/li>\n<\/ul>\n<\/li>\n<\/ol>\n<\/ol>\n<p>Para m\u00e1s informaci\u00f3n, visite la <a href=\"http:\/\/windows.microsoft.com\/it-it\/windows-vista\/block-or-allow-cookies\" target=\"_blank\">p\u00e1gina espec\u00edfica<\/a>.<\/p>\n<hr \/>\n<h2>C\u00d3MO DESHABILITAR LAS COOKIE DE SERVICIOS DE TERCEROS<\/h2>\n<ol>\n<ol>\n<ul>\n<li><a href=\"https:\/\/www.facebook.com\/help\/cookies?ref_type=sitefooter\" target=\"_blank\">Facebook<\/a><\/li>\n<li><a href=\"http:\/\/www.google.com\/policies\/technologies\/cookies\/\" target=\"_blank\">Google<\/a><\/li>\n<\/ul>\n<\/ol>\n<\/ol>\n<hr \/>\n<p>Questa pagina \u00e8 visibile, mediante link in calce in tutte le pagine del Sito ai sensi dell\u2019art. 122 secondo comma del D.lgs. 196\/2003 e a seguito delle modalit\u00e0 semplificate per l\u2019informativa e l\u2019acquisizione del consenso per l\u2019uso dei cookie pubblicata sulla Gazzetta Ufficiale n.126 del 3 giugno 2014 e relativo registro dei provvedimenti n.229 dell\u20198 maggio 2014.<\/p>\n","protected":false},"excerpt":{"rendered":"<p>NOTA INFORMATIVA SOBRE EL USO DE COOKIE Este sitio utiliza las cookie para que sus servicios sean simples y eficientes para los usuarios. Los usuarios que visitan el Sitio ver\u00e1n cantidades m\u00ednimas de informaciones en los dispositivos en uso, ya sean ordenadores ya dispositivos perif\u00e9ricos m\u00f3viles, en peque\u00f1os archivos de texto denominados \u201ccookie\u201d guardados en los directorios utilizados por el navegador web del Usuario. Existen varios tipos de cookie, algunos para optimizar el uso del Sitio y otros para habilitar [&hellip;]<\/p>\n","protected":false},"author":1,"featured_media":0,"parent":0,"menu_order":0,"comment_status":"closed","ping_status":"closed","template":"","meta":{"footnotes":""},"class_list":["post-6664","page","type-page","status-publish","hentry"],"yoast_head":"<!-- This site is optimized with the Yoast SEO plugin v27.0 - https:\/\/yoast.com\/product\/yoast-seo-wordpress\/ -->\n<title>Cookie policy - Agriturismo Valico dei Pellegrini<\/title>\n<meta name=\"robots\" content=\"index, follow, max-snippet:-1, max-image-preview:large, max-video-preview:-1\" \/>\n<link rel=\"canonical\" href=\"https:\/\/www.valicodeipellegrini.it\/es\/cookie-policy\/\" \/>\n<meta property=\"og:locale\" content=\"es_ES\" \/>\n<meta property=\"og:type\" content=\"article\" \/>\n<meta property=\"og:title\" content=\"Cookie policy - Agriturismo Valico dei Pellegrini\" \/>\n<meta property=\"og:description\" content=\"NOTA INFORMATIVA SOBRE EL USO DE COOKIE Este sitio utiliza las cookie para que sus servicios sean simples y eficientes para los usuarios. Los usuarios que visitan el Sitio ver\u00e1n cantidades m\u00ednimas de informaciones en los dispositivos en uso, ya sean ordenadores ya dispositivos perif\u00e9ricos m\u00f3viles, en peque\u00f1os archivos de texto denominados \u201ccookie\u201d guardados en los directorios utilizados por el navegador web del Usuario. Existen varios tipos de cookie, algunos para optimizar el uso del Sitio y otros para habilitar [&hellip;]\" \/>\n<meta property=\"og:url\" content=\"https:\/\/www.valicodeipellegrini.it\/es\/cookie-policy\/\" \/>\n<meta property=\"og:site_name\" content=\"Agriturismo Valico dei Pellegrini\" \/>\n<meta property=\"article:modified_time\" content=\"2016-03-31T13:39:22+00:00\" \/>\n<meta name=\"twitter:card\" content=\"summary_large_image\" \/>\n<meta name=\"twitter:label1\" content=\"Tiempo de lectura\" \/>\n\t<meta name=\"twitter:data1\" content=\"7 minutos\" \/>\n<script type=\"application\/ld+json\" class=\"yoast-schema-graph\">{\"@context\":\"https:\/\/schema.org\",\"@graph\":[{\"@type\":\"WebPage\",\"@id\":\"https:\/\/www.valicodeipellegrini.it\/es\/cookie-policy\/\",\"url\":\"https:\/\/www.valicodeipellegrini.it\/es\/cookie-policy\/\",\"name\":\"Cookie policy - Agriturismo Valico dei Pellegrini\",\"isPartOf\":{\"@id\":\"https:\/\/www.valicodeipellegrini.it\/#website\"},\"datePublished\":\"2016-03-31T13:23:09+00:00\",\"dateModified\":\"2016-03-31T13:39:22+00:00\",\"breadcrumb\":{\"@id\":\"https:\/\/www.valicodeipellegrini.it\/es\/cookie-policy\/#breadcrumb\"},\"inLanguage\":\"es\",\"potentialAction\":[{\"@type\":\"ReadAction\",\"target\":[\"https:\/\/www.valicodeipellegrini.it\/es\/cookie-policy\/\"]}]},{\"@type\":\"BreadcrumbList\",\"@id\":\"https:\/\/www.valicodeipellegrini.it\/es\/cookie-policy\/#breadcrumb\",\"itemListElement\":[{\"@type\":\"ListItem\",\"position\":1,\"name\":\"Home\",\"item\":\"https:\/\/www.valicodeipellegrini.it\/es\/\"},{\"@type\":\"ListItem\",\"position\":2,\"name\":\"Cookie policy\"}]},{\"@type\":\"WebSite\",\"@id\":\"https:\/\/www.valicodeipellegrini.it\/#website\",\"url\":\"https:\/\/www.valicodeipellegrini.it\/\",\"name\":\"Agriturismo Valico dei Pellegrini\",\"description\":\"Natura e relax in Umbria\",\"potentialAction\":[{\"@type\":\"SearchAction\",\"target\":{\"@type\":\"EntryPoint\",\"urlTemplate\":\"https:\/\/www.valicodeipellegrini.it\/?s={search_term_string}\"},\"query-input\":{\"@type\":\"PropertyValueSpecification\",\"valueRequired\":true,\"valueName\":\"search_term_string\"}}],\"inLanguage\":\"es\"}]}<\/script>\n<!-- \/ Yoast SEO plugin. -->","yoast_head_json":{"title":"Cookie policy - Agriturismo Valico dei Pellegrini","robots":{"index":"index","follow":"follow","max-snippet":"max-snippet:-1","max-image-preview":"max-image-preview:large","max-video-preview":"max-video-preview:-1"},"canonical":"https:\/\/www.valicodeipellegrini.it\/es\/cookie-policy\/","og_locale":"es_ES","og_type":"article","og_title":"Cookie policy - Agriturismo Valico dei Pellegrini","og_description":"NOTA INFORMATIVA SOBRE EL USO DE COOKIE Este sitio utiliza las cookie para que sus servicios sean simples y eficientes para los usuarios. Los usuarios que visitan el Sitio ver\u00e1n cantidades m\u00ednimas de informaciones en los dispositivos en uso, ya sean ordenadores ya dispositivos perif\u00e9ricos m\u00f3viles, en peque\u00f1os archivos de texto denominados \u201ccookie\u201d guardados en los directorios utilizados por el navegador web del Usuario. Existen varios tipos de cookie, algunos para optimizar el uso del Sitio y otros para habilitar [&hellip;]","og_url":"https:\/\/www.valicodeipellegrini.it\/es\/cookie-policy\/","og_site_name":"Agriturismo Valico dei Pellegrini","article_modified_time":"2016-03-31T13:39:22+00:00","twitter_card":"summary_large_image","twitter_misc":{"Tiempo de lectura":"7 minutos"},"schema":{"@context":"https:\/\/schema.org","@graph":[{"@type":"WebPage","@id":"https:\/\/www.valicodeipellegrini.it\/es\/cookie-policy\/","url":"https:\/\/www.valicodeipellegrini.it\/es\/cookie-policy\/","name":"Cookie policy - Agriturismo Valico dei Pellegrini","isPartOf":{"@id":"https:\/\/www.valicodeipellegrini.it\/#website"},"datePublished":"2016-03-31T13:23:09+00:00","dateModified":"2016-03-31T13:39:22+00:00","breadcrumb":{"@id":"https:\/\/www.valicodeipellegrini.it\/es\/cookie-policy\/#breadcrumb"},"inLanguage":"es","potentialAction":[{"@type":"ReadAction","target":["https:\/\/www.valicodeipellegrini.it\/es\/cookie-policy\/"]}]},{"@type":"BreadcrumbList","@id":"https:\/\/www.valicodeipellegrini.it\/es\/cookie-policy\/#breadcrumb","itemListElement":[{"@type":"ListItem","position":1,"name":"Home","item":"https:\/\/www.valicodeipellegrini.it\/es\/"},{"@type":"ListItem","position":2,"name":"Cookie policy"}]},{"@type":"WebSite","@id":"https:\/\/www.valicodeipellegrini.it\/#website","url":"https:\/\/www.valicodeipellegrini.it\/","name":"Agriturismo Valico dei Pellegrini","description":"Natura e relax in Umbria","potentialAction":[{"@type":"SearchAction","target":{"@type":"EntryPoint","urlTemplate":"https:\/\/www.valicodeipellegrini.it\/?s={search_term_string}"},"query-input":{"@type":"PropertyValueSpecification","valueRequired":true,"valueName":"search_term_string"}}],"inLanguage":"es"}]}},"_links":{"self":[{"href":"https:\/\/www.valicodeipellegrini.it\/es\/wp-json\/wp\/v2\/pages\/6664","targetHints":{"allow":["GET"]}}],"collection":[{"href":"https:\/\/www.valicodeipellegrini.it\/es\/wp-json\/wp\/v2\/pages"}],"about":[{"href":"https:\/\/www.valicodeipellegrini.it\/es\/wp-json\/wp\/v2\/types\/page"}],"author":[{"embeddable":true,"href":"https:\/\/www.valicodeipellegrini.it\/es\/wp-json\/wp\/v2\/users\/1"}],"replies":[{"embeddable":true,"href":"https:\/\/www.valicodeipellegrini.it\/es\/wp-json\/wp\/v2\/comments?post=6664"}],"version-history":[{"count":5,"href":"https:\/\/www.valicodeipellegrini.it\/es\/wp-json\/wp\/v2\/pages\/6664\/revisions"}],"predecessor-version":[{"id":6685,"href":"https:\/\/www.valicodeipellegrini.it\/es\/wp-json\/wp\/v2\/pages\/6664\/revisions\/6685"}],"wp:attachment":[{"href":"https:\/\/www.valicodeipellegrini.it\/es\/wp-json\/wp\/v2\/media?parent=6664"}],"curies":[{"name":"wp","href":"https:\/\/api.w.org\/{rel}","templated":true}]}}