{"id":6613,"date":"2016-03-31T10:59:05","date_gmt":"2016-03-31T10:59:05","guid":{"rendered":"https:\/\/www.valicodeipellegrini.it\/es\/?page_id=6613"},"modified":"2026-04-29T16:44:10","modified_gmt":"2026-04-29T16:44:10","slug":"home","status":"publish","type":"page","link":"https:\/\/www.valicodeipellegrini.it\/es\/","title":{"rendered":"Home"},"content":{"rendered":"<div class=\"fullpage-block fullpage-block-8-1\">\n<div class=\"fullpage-item\">\n<div style=\"padding-top:30px;\"><\/div>\n<h2 style=\"text-align: center;\">LAS CASAS DE CAMPO<\/h2>\n<h5 style=\"text-align: center;\">EL COMPLEJO SE EXTIENDE POR 130 HECT\u00c1REAS DE VERDES COLINAS BOSCOSAS CON PANORAMAS \u00daNICOS Y COMPRENDE TRES CASER\u00cdOS DENOMINADOS VILLA MARIANNA, VISTA DEL MONDO Y POSTO DEL SOLE, CERCA DE SPOLETO<\/h5>\n<div style=\"padding-top:30px;\"><\/div>\n<p><!-- Villa Marianna --><\/p>\n<div class=\"casale-row\" style=\"display:flex; align-items:center; flex-wrap:wrap; padding-bottom:20px;\">\n<div class=\"casale-foto\" style=\"width:48.2%; margin-right:3.225%;\">\n<a href=\"https:\/\/www.valicodeipellegrini.it\/es\/las-casas-de-campo\/villa-marianna\/\"><img decoding=\"async\" src=\"https:\/\/www.valicodeipellegrini.it\/wp-content\/uploads\/2014\/05\/villamarianna1.jpg\" alt=\"Villa Marianna\" style=\"width:100%;\" \/><\/a><\/div>\n<div class=\"casale-desc\" style=\"width:48.2%;\">\n<h4><a href=\"https:\/\/www.valicodeipellegrini.it\/es\/las-casas-de-campo\/villa-marianna\/\">Villa Marianna<\/a><\/h4>\n<ul>\n<li>25 camas divididas en 5 apartamentos<\/li>\n<li>ba\u00f1o preparado para personas con necesidades especiales (planta baja)<\/li>\n<li>conexi\u00f3n Internet v\u00eda wifi<\/li>\n<li>posibilidad de acoger a animales dom\u00e9sticos<\/li>\n<\/ul>\n<\/div>\n<\/div>\n<p><!-- Vista del Mondo --><\/p>\n<div class=\"casale-row\" style=\"display:flex; align-items:center; flex-wrap:wrap; padding-bottom:20px;\">\n<div class=\"casale-foto\" style=\"width:48.2%; margin-right:3.225%;\">\n<a href=\"https:\/\/www.valicodeipellegrini.it\/es\/las-casas-de-campo\/vista-del-mondo\/\"><img decoding=\"async\" src=\"https:\/\/www.valicodeipellegrini.it\/wp-content\/uploads\/2015\/11\/vistadelmondo.jpg\" alt=\"Vista del Mondo\" style=\"width:100%;\" \/><\/a><\/div>\n<div class=\"casale-desc\" style=\"width:48.2%;\">\n<h4><a href=\"https:\/\/www.valicodeipellegrini.it\/es\/las-casas-de-campo\/vista-del-mondo\/\">Vista del Mondo<\/a><\/h4>\n<ul>\n<li>13 camas divididas en 2 apartamentos de dos pisos cada uno<\/li>\n<li>ba\u00f1o preparado para personas con necesidades especiales (planta baja)<\/li>\n<li>conexi\u00f3n Internet v\u00eda wifi<\/li>\n<li>posibilidad de acoger a animales dom\u00e9sticos<\/li>\n<\/ul>\n<\/div>\n<\/div>\n<p><!-- Posto del Sole --><\/p>\n<div class=\"casale-row\" style=\"display:flex; align-items:center; flex-wrap:wrap; padding-bottom:20px;\">\n<div class=\"casale-foto\" style=\"width:48.2%; margin-right:3.225%;\">\n<a href=\"https:\/\/www.valicodeipellegrini.it\/es\/las-casas-de-campo\/posto-del-sole\/\"><img decoding=\"async\" src=\"https:\/\/www.valicodeipellegrini.it\/wp-content\/uploads\/2015\/11\/agriturismo-posto-del-sole-piscina.jpg\" alt=\"Posto del Sole\" style=\"width:100%;\" \/><\/a><\/div>\n<div class=\"casale-desc\" style=\"width:48.2%;\">\n<h4><a href=\"https:\/\/www.valicodeipellegrini.it\/es\/las-casas-de-campo\/posto-del-sole\/\">Posto del Sole<\/a><\/h4>\n<ul>\n<li>17 camas divididas en 4 apartamentos<\/li>\n<li>ba\u00f1o preparado para personas con necesidades especiales (planta baja)<\/li>\n<li>conexi\u00f3n Internet v\u00eda wifi<\/li>\n<li>posibilidad de acoger a animales dom\u00e9sticos<\/li>\n<\/ul>\n<\/div>\n<\/div>\n<div style=\"padding-top:30px;\"><\/div>\n<h2 style=\"text-align: center;\">CASA DE VACACIONES &#8211; CASCIA<\/h2>\n<h5 style=\"text-transform: uppercase; text-align: center; font-weight: bold;\">Pr\u00f3xima apertura<\/h5>\n<div style=\"padding-top:30px;\"><\/div>\n<p><!-- Casa de Vacaciones Castel Santa Maria --><\/p>\n<div class=\"casale-row\" style=\"display:flex; align-items:center; flex-wrap:wrap; padding-bottom:20px;\">\n<div class=\"casale-foto\" style=\"width:48.2%; margin-right:3.225%;\">\n<a href=\"https:\/\/www.valicodeipellegrini.it\/es\/las-casas-de-campo\/casa-de-vacaciones-castel-santa-maria\/\"><img decoding=\"async\" src=\"https:\/\/www.valicodeipellegrini.it\/wp-content\/uploads\/2026\/04\/castel-santa-maria-esterno1-1.jpg\" alt=\"Casa de Vacaciones Castel Santa Maria\" style=\"width:100%;\" \/><\/a><\/div>\n<div class=\"casale-desc\" style=\"width:48.2%;\">\n<h4><a href=\"https:\/\/www.valicodeipellegrini.it\/es\/las-casas-de-campo\/casa-de-vacaciones-castel-santa-maria\/\">Casa de Vacaciones Castel Santa Maria<\/a><\/h4>\n<ul>\n<li>altitud 1105 m sobre el nivel del mar<\/li>\n<\/ul>\n<\/div>\n<\/div>\n<\/div>\n<\/div>\n<div class=\"fullpage-block fullpage-block-8-2\">\n<div class=\"fullpage-item\">\n<div style=\"padding-top:30px;\"><\/div>\n<div class=\"column2 column_space\">\n<div class=\"shortcode-time-counter-block\"><i style=\"color:#83D5C0 !important;\" class=\"time-count-icon icon-moon\"><\/i><div class=\"time-count-data\" id=\"time-count-data-6613-32fc\" data-start=\"40\" data-end=\"55\"><\/div><div class=\"time-count-title\"><h4>N\u00famero total de camas<\/h4><\/div>\n<\/div>\n<script>\njQuery(document).ready(function($){\n\t$('#time-count-data-6613-32fc').waypoint(function() {\n    $('#time-count-data-6613-32fc').countTo({\n        from: 40,\n        to: 55,\n        speed: 5000,\n        decimals: 0,\n        refreshInterval: 50,\n        onComplete: function(value) {\n        }\n    });\n\t}, { offset: 'bottom-in-view',triggerOnce: true });\n});\n<\/script><\/div>\n<div class=\"column2 clearfix\">\n<div class=\"shortcode-time-counter-block\"><i style=\"color:#3CBC6D !important;\" class=\"time-count-icon icon-leaf\"><\/i><div class=\"time-count-data\" id=\"time-count-data-6613-6625\" data-start=\"135\" data-end=\"150\"><\/div><div class=\"time-count-title\"><h4>hect\u00e1reas de espacio verde<\/h4><\/div>\n<\/div>\n<script>\njQuery(document).ready(function($){\n\t$('#time-count-data-6613-6625').waypoint(function() {\n    $('#time-count-data-6613-6625').countTo({\n        from: 135,\n        to: 150,\n        speed: 5000,\n        decimals: 0,\n        refreshInterval: 50,\n        onComplete: function(value) {\n        }\n    });\n\t}, { offset: 'bottom-in-view',triggerOnce: true });\n});\n<\/script><\/div>\n<div class=\"clear\"><\/div>\n<\/div>\n<\/div>\n","protected":false},"excerpt":{"rendered":"<p>LAS CASAS DE CAMPO EL COMPLEJO SE EXTIENDE POR 130 HECT\u00c1REAS DE VERDES COLINAS BOSCOSAS CON PANORAMAS \u00daNICOS Y COMPRENDE TRES CASER\u00cdOS DENOMINADOS VILLA MARIANNA, VISTA DEL MONDO Y POSTO DEL SOLE, CERCA DE SPOLETO Villa Marianna 25 camas divididas en 5 apartamentos ba\u00f1o preparado para personas con necesidades especiales (planta baja) conexi\u00f3n Internet v\u00eda wifi posibilidad de acoger a animales dom\u00e9sticos Vista del Mondo 13 camas divididas en 2 apartamentos de dos pisos cada uno ba\u00f1o preparado para personas [&hellip;]<\/p>\n","protected":false},"author":1,"featured_media":0,"parent":0,"menu_order":0,"comment_status":"closed","ping_status":"closed","template":"template-fullpage.php","meta":{"footnotes":""},"class_list":["post-6613","page","type-page","status-publish","hentry"],"yoast_head":"<!-- This site is optimized with the Yoast SEO plugin v27.0 - https:\/\/yoast.com\/product\/yoast-seo-wordpress\/ -->\n<title>Home - Agriturismo Valico dei Pellegrini<\/title>\n<meta name=\"robots\" content=\"index, follow, max-snippet:-1, max-image-preview:large, max-video-preview:-1\" \/>\n<link rel=\"canonical\" href=\"https:\/\/www.valicodeipellegrini.it\/es\/\" \/>\n<meta property=\"og:locale\" content=\"es_ES\" \/>\n<meta property=\"og:type\" content=\"article\" \/>\n<meta property=\"og:title\" content=\"Home - Agriturismo Valico dei Pellegrini\" \/>\n<meta property=\"og:description\" content=\"LAS CASAS DE CAMPO EL COMPLEJO SE EXTIENDE POR 130 HECT\u00c1REAS DE VERDES COLINAS BOSCOSAS CON PANORAMAS \u00daNICOS Y COMPRENDE TRES CASER\u00cdOS DENOMINADOS VILLA MARIANNA, VISTA DEL MONDO Y POSTO DEL SOLE, CERCA DE SPOLETO Villa Marianna 25 camas divididas en 5 apartamentos ba\u00f1o preparado para personas con necesidades especiales (planta baja) conexi\u00f3n Internet v\u00eda wifi posibilidad de acoger a animales dom\u00e9sticos Vista del Mondo 13 camas divididas en 2 apartamentos de dos pisos cada uno ba\u00f1o preparado para personas [&hellip;]\" \/>\n<meta property=\"og:url\" content=\"https:\/\/www.valicodeipellegrini.it\/es\/\" \/>\n<meta property=\"og:site_name\" content=\"Agriturismo Valico dei Pellegrini\" \/>\n<meta property=\"article:modified_time\" content=\"2026-04-29T16:44:10+00:00\" \/>\n<meta property=\"og:image\" content=\"https:\/\/www.valicodeipellegrini.it\/wp-content\/uploads\/2014\/05\/villamarianna1.jpg\" \/>\n<meta name=\"twitter:card\" content=\"summary_large_image\" \/>\n<meta name=\"twitter:label1\" content=\"Tiempo de lectura\" \/>\n\t<meta name=\"twitter:data1\" content=\"2 minutos\" \/>\n<script type=\"application\/ld+json\" class=\"yoast-schema-graph\">{\"@context\":\"https:\/\/schema.org\",\"@graph\":[{\"@type\":\"WebPage\",\"@id\":\"https:\/\/www.valicodeipellegrini.it\/es\/\",\"url\":\"https:\/\/www.valicodeipellegrini.it\/es\/\",\"name\":\"Home - Agriturismo Valico dei Pellegrini\",\"isPartOf\":{\"@id\":\"https:\/\/www.valicodeipellegrini.it\/#website\"},\"primaryImageOfPage\":{\"@id\":\"https:\/\/www.valicodeipellegrini.it\/es\/#primaryimage\"},\"image\":{\"@id\":\"https:\/\/www.valicodeipellegrini.it\/es\/#primaryimage\"},\"thumbnailUrl\":\"https:\/\/www.valicodeipellegrini.it\/wp-content\/uploads\/2014\/05\/villamarianna1.jpg\",\"datePublished\":\"2016-03-31T10:59:05+00:00\",\"dateModified\":\"2026-04-29T16:44:10+00:00\",\"breadcrumb\":{\"@id\":\"https:\/\/www.valicodeipellegrini.it\/es\/#breadcrumb\"},\"inLanguage\":\"es\",\"potentialAction\":[{\"@type\":\"ReadAction\",\"target\":[\"https:\/\/www.valicodeipellegrini.it\/es\/\"]}]},{\"@type\":\"ImageObject\",\"inLanguage\":\"es\",\"@id\":\"https:\/\/www.valicodeipellegrini.it\/es\/#primaryimage\",\"url\":\"https:\/\/www.valicodeipellegrini.it\/wp-content\/uploads\/2014\/05\/villamarianna1.jpg\",\"contentUrl\":\"https:\/\/www.valicodeipellegrini.it\/wp-content\/uploads\/2014\/05\/villamarianna1.jpg\"},{\"@type\":\"BreadcrumbList\",\"@id\":\"https:\/\/www.valicodeipellegrini.it\/es\/#breadcrumb\",\"itemListElement\":[{\"@type\":\"ListItem\",\"position\":1,\"name\":\"Home\",\"item\":\"https:\/\/www.valicodeipellegrini.it\/es\/\"},{\"@type\":\"ListItem\",\"position\":2,\"name\":\"Home\"}]},{\"@type\":\"WebSite\",\"@id\":\"https:\/\/www.valicodeipellegrini.it\/#website\",\"url\":\"https:\/\/www.valicodeipellegrini.it\/\",\"name\":\"Agriturismo Valico dei Pellegrini\",\"description\":\"Natura e relax in Umbria\",\"potentialAction\":[{\"@type\":\"SearchAction\",\"target\":{\"@type\":\"EntryPoint\",\"urlTemplate\":\"https:\/\/www.valicodeipellegrini.it\/?s={search_term_string}\"},\"query-input\":{\"@type\":\"PropertyValueSpecification\",\"valueRequired\":true,\"valueName\":\"search_term_string\"}}],\"inLanguage\":\"es\"}]}<\/script>\n<!-- \/ Yoast SEO plugin. -->","yoast_head_json":{"title":"Home - Agriturismo Valico dei Pellegrini","robots":{"index":"index","follow":"follow","max-snippet":"max-snippet:-1","max-image-preview":"max-image-preview:large","max-video-preview":"max-video-preview:-1"},"canonical":"https:\/\/www.valicodeipellegrini.it\/es\/","og_locale":"es_ES","og_type":"article","og_title":"Home - Agriturismo Valico dei Pellegrini","og_description":"LAS CASAS DE CAMPO EL COMPLEJO SE EXTIENDE POR 130 HECT\u00c1REAS DE VERDES COLINAS BOSCOSAS CON PANORAMAS \u00daNICOS Y COMPRENDE TRES CASER\u00cdOS DENOMINADOS VILLA MARIANNA, VISTA DEL MONDO Y POSTO DEL SOLE, CERCA DE SPOLETO Villa Marianna 25 camas divididas en 5 apartamentos ba\u00f1o preparado para personas con necesidades especiales (planta baja) conexi\u00f3n Internet v\u00eda wifi posibilidad de acoger a animales dom\u00e9sticos Vista del Mondo 13 camas divididas en 2 apartamentos de dos pisos cada uno ba\u00f1o preparado para personas [&hellip;]","og_url":"https:\/\/www.valicodeipellegrini.it\/es\/","og_site_name":"Agriturismo Valico dei Pellegrini","article_modified_time":"2026-04-29T16:44:10+00:00","og_image":[{"url":"https:\/\/www.valicodeipellegrini.it\/wp-content\/uploads\/2014\/05\/villamarianna1.jpg","type":"","width":"","height":""}],"twitter_card":"summary_large_image","twitter_misc":{"Tiempo de lectura":"2 minutos"},"schema":{"@context":"https:\/\/schema.org","@graph":[{"@type":"WebPage","@id":"https:\/\/www.valicodeipellegrini.it\/es\/","url":"https:\/\/www.valicodeipellegrini.it\/es\/","name":"Home - Agriturismo Valico dei Pellegrini","isPartOf":{"@id":"https:\/\/www.valicodeipellegrini.it\/#website"},"primaryImageOfPage":{"@id":"https:\/\/www.valicodeipellegrini.it\/es\/#primaryimage"},"image":{"@id":"https:\/\/www.valicodeipellegrini.it\/es\/#primaryimage"},"thumbnailUrl":"https:\/\/www.valicodeipellegrini.it\/wp-content\/uploads\/2014\/05\/villamarianna1.jpg","datePublished":"2016-03-31T10:59:05+00:00","dateModified":"2026-04-29T16:44:10+00:00","breadcrumb":{"@id":"https:\/\/www.valicodeipellegrini.it\/es\/#breadcrumb"},"inLanguage":"es","potentialAction":[{"@type":"ReadAction","target":["https:\/\/www.valicodeipellegrini.it\/es\/"]}]},{"@type":"ImageObject","inLanguage":"es","@id":"https:\/\/www.valicodeipellegrini.it\/es\/#primaryimage","url":"https:\/\/www.valicodeipellegrini.it\/wp-content\/uploads\/2014\/05\/villamarianna1.jpg","contentUrl":"https:\/\/www.valicodeipellegrini.it\/wp-content\/uploads\/2014\/05\/villamarianna1.jpg"},{"@type":"BreadcrumbList","@id":"https:\/\/www.valicodeipellegrini.it\/es\/#breadcrumb","itemListElement":[{"@type":"ListItem","position":1,"name":"Home","item":"https:\/\/www.valicodeipellegrini.it\/es\/"},{"@type":"ListItem","position":2,"name":"Home"}]},{"@type":"WebSite","@id":"https:\/\/www.valicodeipellegrini.it\/#website","url":"https:\/\/www.valicodeipellegrini.it\/","name":"Agriturismo Valico dei Pellegrini","description":"Natura e relax in Umbria","potentialAction":[{"@type":"SearchAction","target":{"@type":"EntryPoint","urlTemplate":"https:\/\/www.valicodeipellegrini.it\/?s={search_term_string}"},"query-input":{"@type":"PropertyValueSpecification","valueRequired":true,"valueName":"search_term_string"}}],"inLanguage":"es"}]}},"_links":{"self":[{"href":"https:\/\/www.valicodeipellegrini.it\/es\/wp-json\/wp\/v2\/pages\/6613","targetHints":{"allow":["GET"]}}],"collection":[{"href":"https:\/\/www.valicodeipellegrini.it\/es\/wp-json\/wp\/v2\/pages"}],"about":[{"href":"https:\/\/www.valicodeipellegrini.it\/es\/wp-json\/wp\/v2\/types\/page"}],"author":[{"embeddable":true,"href":"https:\/\/www.valicodeipellegrini.it\/es\/wp-json\/wp\/v2\/users\/1"}],"replies":[{"embeddable":true,"href":"https:\/\/www.valicodeipellegrini.it\/es\/wp-json\/wp\/v2\/comments?post=6613"}],"version-history":[{"count":10,"href":"https:\/\/www.valicodeipellegrini.it\/es\/wp-json\/wp\/v2\/pages\/6613\/revisions"}],"predecessor-version":[{"id":7762,"href":"https:\/\/www.valicodeipellegrini.it\/es\/wp-json\/wp\/v2\/pages\/6613\/revisions\/7762"}],"wp:attachment":[{"href":"https:\/\/www.valicodeipellegrini.it\/es\/wp-json\/wp\/v2\/media?parent=6613"}],"curies":[{"name":"wp","href":"https:\/\/api.w.org\/{rel}","templated":true}]}}