{"id":6742,"date":"2016-03-31T14:01:04","date_gmt":"2016-03-31T14:01:04","guid":{"rendered":"https:\/\/www.valicodeipellegrini.it\/de\/?page_id=6742"},"modified":"2016-03-31T15:02:03","modified_gmt":"2016-03-31T15:02:03","slug":"datenschutzerklaerung","status":"publish","type":"page","link":"https:\/\/www.valicodeipellegrini.it\/de\/datenschutzerklaerung\/","title":{"rendered":"Datenschutzerkl\u00e4rung"},"content":{"rendered":"<p>Erkl\u00e4rung gem\u00e4\u00df Art. 13 der Gesetzesverordnung Nr.196 vom Juni 2003, mit dem Referenzcode f\u00fcr den Schutz personenbezogener Daten. Gem\u00e4\u00df Art. 13 der genannten Gesetzesverordnung mit Verf\u00fcgungen zum Schutz personenbezogener Daten, informieren wir Sie, dass die von Ihnen freiwillig f\u00fcr die Aktivierung der angeforderten Dienstleistungen angegebenen personenbezogenen Daten von MLSS Azienda Agricola e Agrituristica, Gesellschaft, welche die Webseite https:\/\/www.valicodeipellegrini.it verwaltet, unter Verwendung der neuen Ma\u00dfnahmen, welche die Sicherheit und den Datenschutz garantieren sowie unter Beachtung der oben genannten Bestimmungen, behandelt werden.<\/p>\n<p>1. Datenerhebung<\/p>\n<p>1.1 Die vorliegende Erkl\u00e4rung betrifft die \u00fcber die entsprechenden Bereiche der &#8222;Informationsanfrage&#8220; erfassten Daten.<\/p>\n<p>1.2 Jede Informationsanfrage wird von MLSS Azienda Agricola e Agrituristica durch ein System \u00fcberpr\u00fcft, das die Eingabe eines Best\u00e4tigungscodes erfordert (Captcha); dieses Verfahren erfolgt, um zu vermeiden, dass Informationsanfragen durch automatisierte Programme ausgef\u00fchrt werden.<\/p>\n<p>2. Zweckbestimmung und Modalit\u00e4ten der Datenverarbeitung<\/p>\n<p>2.1 Die unter den im Punkt 1.1 genannten Voraussetzungen erhobenen Daten werden ausschlie\u00dflich zu den folgenden Zwecken verarbeitet:<\/p>\n<p>Um unsere Kunden und User zur Beantwortung  von Informations- und Kundendienstanfragen zu kontaktieren<br \/>\nF\u00fcr die Sendung von Mitteilungen bez\u00fcglich neuer Initiativen der Webseite staging.valicodeipellegrini.it<br \/>\nF\u00fcr statistische Analysen<br \/>\nF\u00fcr die Einhaltung von Gesetzespflichten<\/p>\n<p>2.2 Die Verarbeitung dieser Daten erfolgt manuell und mithilfe von elektronischen oder jedenfalls automatisierten Mitteln und beinhaltet, unter Beachtung der vom Artikel 11 der Gesetzesverordnung 196\/03 auferlegten Grenzen und Bedingungen, alle von dieser Verordnung unter dem Begriff &#8222;Verarbeitung&#8220; vorgesehenen Verfahren oder die Gesamtheit der Verfahren.<\/p>\n<p>3. Art der Daten\u00fcbertragung<\/p>\n<p>3.1 Die \u00dcbertragung der personenbezogenen Daten ist fakultativ. Die auch teilweise Weigerung zur \u00dcbertragung der in den Pflichtfeldern der verschiedenen Formulare erforderten Daten macht eine vollst\u00e4ndige Erbringung der \u00fcber die Webseite staging.valicodeipellegrini.it angebotenen Dienstleistungen f\u00fcr MLSS Azienda Agricola e Agrituristica unm\u00f6glich.<\/p>\n<p>4. Weitergabe und Verbreitung der Daten<\/p>\n<p>4.1 Die personenbezogenen Daten werden nicht verbreitet oder an Dritte weitergegeben, au\u00dfer in den von der Erkl\u00e4rung und\/oder vom Gesetz vorgesehenen F\u00e4llen und den durch diese erlaubte Modalit\u00e4ten.<\/p>\n<p>5. Rechte des Betroffenen<\/p>\n<p>5.1 Korrektur\/Aktualisierung der personenbezogenen Daten.<\/p>\n<p>Der Art. 7 der Gesetzesverordnung 196\/2003 bietet dem Betroffenen die M\u00f6glichkeit zur Aus\u00fcbung bestimmter Rechte. Insbesondere:<\/p>\n<p>Der Betroffene hat das Recht zu wissen, welche pers\u00f6nlichen Daten der Inhaber \u00fcber ihn besitzt und dar\u00fcber Auskunft zu erhalte, auch wenn die Daten noch nicht gespeichert sind, und deren Mitteilung in verst\u00e4ndlicher Form zu erhalten.<br \/>\nDer Betroffene hat das Recht folgende Angaben zu erhalten:<br \/>\nHerkunft der personenbezogenen Daten;<br \/>\nGrund und Zweck ihrer Verarbeitung<br \/>\nDie bei der Verarbeitung mit Hilfe von elektronischen Mitteln verwendete Logik;<br \/>\nDie Angaben \u00fcber Inhaber, Verantwortliche und den gem\u00e4\u00df Art. 5, Komma 2 bestimmten Vertreter;<br \/>\n\u00dcber die Personen oder Kategorien von Personen, denen die personenbezogenen Daten \u00fcbermittelt werden k\u00f6nnen oder die sie als im Staatsgebiet bestimmter Vertreter erfahren k\u00f6nnen, Verantwortliche oder Beauftragte.<br \/>\nDe Betroffene hat das Recht zu erhalten:<br \/>\nDie Aktualisierung, die Berichtigung, die Erg\u00e4nzung der Daten, wenn er daran interessiert ist.<br \/>\nDie L\u00f6schung, die Umwandlung in anonymer Form oder die Sperrung der gesetzeswidrig verarbeiteten Daten, einschlie\u00dflich derjenigen, die bez\u00fcglich der Zwecke, f\u00fcr die sie enthoben oder danach verarbeitet wurden, nicht gespeichert werden m\u00fcssen;<br \/>\nDen Nachweis, dass die unter den Buchstaben a) und b) genannten Verfahren auch ihren Inhalt betreffend denjenigen zur Kenntnis gebracht wurden, an die die Daten \u00fcbermittelt oder verbreitet wurden. Ausgenommen sind F\u00e4lle, in denen sich diese Erf\u00fcllung als unm\u00f6glich erweist oder eine Verwendung von Mitteln beinhaltet, die bez\u00fcglich des gesch\u00fctzten Rechts offensichtlich unverh\u00e4ltnism\u00e4\u00dfig sind.<br \/>\nDer Betroffene hat das Recht sich ganz oder teilweise zu widersetzen:<br \/>\nDer Verarbeitung der pers\u00f6nlichen Daten, die ihn betreffen, aus berechtigten Gr\u00fcnden, auch wenn sie dem Zweck der Sammlung dienen;<br \/>\nDer Verarbeitung der pers\u00f6nlichen Daten, die ihn betreffen, zwecks Zusendung von Werbe- oder Direktverkaufsmaterial oder zwecks Marktforschung oder Verkaufsmitteilungen.<\/p>\n<p>Diese Rechte k\u00f6nnen durch Zusendung einer E-Mail an info@valicodeipellegrini.it ausge\u00fcbt werden. <\/p>\n<p>6. Inhaber und Verantwortlicher der Verarbeitung<br \/>\nInhaber und Verantwortlicher der Verarbeitung ist MLSS Azienda Agricola e Agrituristica mit Sitz in der Via Ancara, 1 \u2013 Spoleto \u2013 06049 (PG)<\/p>\n","protected":false},"excerpt":{"rendered":"<p>Erkl\u00e4rung gem\u00e4\u00df Art. 13 der Gesetzesverordnung Nr.196 vom Juni 2003, mit dem Referenzcode f\u00fcr den Schutz personenbezogener Daten. Gem\u00e4\u00df Art. 13 der genannten Gesetzesverordnung mit Verf\u00fcgungen zum Schutz personenbezogener Daten, informieren wir Sie, dass die von Ihnen freiwillig f\u00fcr die Aktivierung der angeforderten Dienstleistungen angegebenen personenbezogenen Daten von MLSS Azienda Agricola e Agrituristica, Gesellschaft, welche die Webseite https:\/\/www.valicodeipellegrini.it verwaltet, unter Verwendung der neuen Ma\u00dfnahmen, welche die Sicherheit und den Datenschutz garantieren sowie unter Beachtung der oben genannten Bestimmungen, behandelt werden. [&hellip;]<\/p>\n","protected":false},"author":1,"featured_media":0,"parent":0,"menu_order":0,"comment_status":"closed","ping_status":"closed","template":"","meta":{"footnotes":""},"class_list":["post-6742","page","type-page","status-publish","hentry"],"yoast_head":"<!-- This site is optimized with the Yoast SEO plugin v27.0 - https:\/\/yoast.com\/product\/yoast-seo-wordpress\/ -->\n<title>Datenschutzerkl\u00e4rung - Agriturismo Valico dei Pellegrini<\/title>\n<meta name=\"robots\" content=\"index, follow, max-snippet:-1, max-image-preview:large, max-video-preview:-1\" \/>\n<link rel=\"canonical\" href=\"https:\/\/www.valicodeipellegrini.it\/de\/datenschutzerklaerung\/\" \/>\n<meta property=\"og:locale\" content=\"de_DE\" \/>\n<meta property=\"og:type\" content=\"article\" \/>\n<meta property=\"og:title\" content=\"Datenschutzerkl\u00e4rung - Agriturismo Valico dei Pellegrini\" \/>\n<meta property=\"og:description\" content=\"Erkl\u00e4rung gem\u00e4\u00df Art. 13 der Gesetzesverordnung Nr.196 vom Juni 2003, mit dem Referenzcode f\u00fcr den Schutz personenbezogener Daten. Gem\u00e4\u00df Art. 13 der genannten Gesetzesverordnung mit Verf\u00fcgungen zum Schutz personenbezogener Daten, informieren wir Sie, dass die von Ihnen freiwillig f\u00fcr die Aktivierung der angeforderten Dienstleistungen angegebenen personenbezogenen Daten von MLSS Azienda Agricola e Agrituristica, Gesellschaft, welche die Webseite https:\/\/www.valicodeipellegrini.it verwaltet, unter Verwendung der neuen Ma\u00dfnahmen, welche die Sicherheit und den Datenschutz garantieren sowie unter Beachtung der oben genannten Bestimmungen, behandelt werden. [&hellip;]\" \/>\n<meta property=\"og:url\" content=\"https:\/\/www.valicodeipellegrini.it\/de\/datenschutzerklaerung\/\" \/>\n<meta property=\"og:site_name\" content=\"Agriturismo Valico dei Pellegrini\" \/>\n<meta property=\"article:modified_time\" content=\"2016-03-31T15:02:03+00:00\" \/>\n<meta name=\"twitter:card\" content=\"summary_large_image\" \/>\n<meta name=\"twitter:label1\" content=\"Gesch\u00e4tzte Lesezeit\" \/>\n\t<meta name=\"twitter:data1\" content=\"3\u00a0Minuten\" \/>\n<script type=\"application\/ld+json\" class=\"yoast-schema-graph\">{\"@context\":\"https:\/\/schema.org\",\"@graph\":[{\"@type\":\"WebPage\",\"@id\":\"https:\/\/www.valicodeipellegrini.it\/de\/datenschutzerklaerung\/\",\"url\":\"https:\/\/www.valicodeipellegrini.it\/de\/datenschutzerklaerung\/\",\"name\":\"Datenschutzerkl\u00e4rung - Agriturismo Valico dei Pellegrini\",\"isPartOf\":{\"@id\":\"https:\/\/www.valicodeipellegrini.it\/#website\"},\"datePublished\":\"2016-03-31T14:01:04+00:00\",\"dateModified\":\"2016-03-31T15:02:03+00:00\",\"breadcrumb\":{\"@id\":\"https:\/\/www.valicodeipellegrini.it\/de\/datenschutzerklaerung\/#breadcrumb\"},\"inLanguage\":\"de\",\"potentialAction\":[{\"@type\":\"ReadAction\",\"target\":[\"https:\/\/www.valicodeipellegrini.it\/de\/datenschutzerklaerung\/\"]}]},{\"@type\":\"BreadcrumbList\",\"@id\":\"https:\/\/www.valicodeipellegrini.it\/de\/datenschutzerklaerung\/#breadcrumb\",\"itemListElement\":[{\"@type\":\"ListItem\",\"position\":1,\"name\":\"Home\",\"item\":\"https:\/\/www.valicodeipellegrini.it\/de\/\"},{\"@type\":\"ListItem\",\"position\":2,\"name\":\"Datenschutzerkl\u00e4rung\"}]},{\"@type\":\"WebSite\",\"@id\":\"https:\/\/www.valicodeipellegrini.it\/#website\",\"url\":\"https:\/\/www.valicodeipellegrini.it\/\",\"name\":\"Agriturismo Valico dei Pellegrini\",\"description\":\"Natura e relax in Umbria\",\"potentialAction\":[{\"@type\":\"SearchAction\",\"target\":{\"@type\":\"EntryPoint\",\"urlTemplate\":\"https:\/\/www.valicodeipellegrini.it\/?s={search_term_string}\"},\"query-input\":{\"@type\":\"PropertyValueSpecification\",\"valueRequired\":true,\"valueName\":\"search_term_string\"}}],\"inLanguage\":\"de\"}]}<\/script>\n<!-- \/ Yoast SEO plugin. -->","yoast_head_json":{"title":"Datenschutzerkl\u00e4rung - Agriturismo Valico dei Pellegrini","robots":{"index":"index","follow":"follow","max-snippet":"max-snippet:-1","max-image-preview":"max-image-preview:large","max-video-preview":"max-video-preview:-1"},"canonical":"https:\/\/www.valicodeipellegrini.it\/de\/datenschutzerklaerung\/","og_locale":"de_DE","og_type":"article","og_title":"Datenschutzerkl\u00e4rung - Agriturismo Valico dei Pellegrini","og_description":"Erkl\u00e4rung gem\u00e4\u00df Art. 13 der Gesetzesverordnung Nr.196 vom Juni 2003, mit dem Referenzcode f\u00fcr den Schutz personenbezogener Daten. Gem\u00e4\u00df Art. 13 der genannten Gesetzesverordnung mit Verf\u00fcgungen zum Schutz personenbezogener Daten, informieren wir Sie, dass die von Ihnen freiwillig f\u00fcr die Aktivierung der angeforderten Dienstleistungen angegebenen personenbezogenen Daten von MLSS Azienda Agricola e Agrituristica, Gesellschaft, welche die Webseite https:\/\/www.valicodeipellegrini.it verwaltet, unter Verwendung der neuen Ma\u00dfnahmen, welche die Sicherheit und den Datenschutz garantieren sowie unter Beachtung der oben genannten Bestimmungen, behandelt werden. [&hellip;]","og_url":"https:\/\/www.valicodeipellegrini.it\/de\/datenschutzerklaerung\/","og_site_name":"Agriturismo Valico dei Pellegrini","article_modified_time":"2016-03-31T15:02:03+00:00","twitter_card":"summary_large_image","twitter_misc":{"Gesch\u00e4tzte Lesezeit":"3\u00a0Minuten"},"schema":{"@context":"https:\/\/schema.org","@graph":[{"@type":"WebPage","@id":"https:\/\/www.valicodeipellegrini.it\/de\/datenschutzerklaerung\/","url":"https:\/\/www.valicodeipellegrini.it\/de\/datenschutzerklaerung\/","name":"Datenschutzerkl\u00e4rung - Agriturismo Valico dei Pellegrini","isPartOf":{"@id":"https:\/\/www.valicodeipellegrini.it\/#website"},"datePublished":"2016-03-31T14:01:04+00:00","dateModified":"2016-03-31T15:02:03+00:00","breadcrumb":{"@id":"https:\/\/www.valicodeipellegrini.it\/de\/datenschutzerklaerung\/#breadcrumb"},"inLanguage":"de","potentialAction":[{"@type":"ReadAction","target":["https:\/\/www.valicodeipellegrini.it\/de\/datenschutzerklaerung\/"]}]},{"@type":"BreadcrumbList","@id":"https:\/\/www.valicodeipellegrini.it\/de\/datenschutzerklaerung\/#breadcrumb","itemListElement":[{"@type":"ListItem","position":1,"name":"Home","item":"https:\/\/www.valicodeipellegrini.it\/de\/"},{"@type":"ListItem","position":2,"name":"Datenschutzerkl\u00e4rung"}]},{"@type":"WebSite","@id":"https:\/\/www.valicodeipellegrini.it\/#website","url":"https:\/\/www.valicodeipellegrini.it\/","name":"Agriturismo Valico dei Pellegrini","description":"Natura e relax in Umbria","potentialAction":[{"@type":"SearchAction","target":{"@type":"EntryPoint","urlTemplate":"https:\/\/www.valicodeipellegrini.it\/?s={search_term_string}"},"query-input":{"@type":"PropertyValueSpecification","valueRequired":true,"valueName":"search_term_string"}}],"inLanguage":"de"}]}},"_links":{"self":[{"href":"https:\/\/www.valicodeipellegrini.it\/de\/wp-json\/wp\/v2\/pages\/6742","targetHints":{"allow":["GET"]}}],"collection":[{"href":"https:\/\/www.valicodeipellegrini.it\/de\/wp-json\/wp\/v2\/pages"}],"about":[{"href":"https:\/\/www.valicodeipellegrini.it\/de\/wp-json\/wp\/v2\/types\/page"}],"author":[{"embeddable":true,"href":"https:\/\/www.valicodeipellegrini.it\/de\/wp-json\/wp\/v2\/users\/1"}],"replies":[{"embeddable":true,"href":"https:\/\/www.valicodeipellegrini.it\/de\/wp-json\/wp\/v2\/comments?post=6742"}],"version-history":[{"count":1,"href":"https:\/\/www.valicodeipellegrini.it\/de\/wp-json\/wp\/v2\/pages\/6742\/revisions"}],"predecessor-version":[{"id":6743,"href":"https:\/\/www.valicodeipellegrini.it\/de\/wp-json\/wp\/v2\/pages\/6742\/revisions\/6743"}],"wp:attachment":[{"href":"https:\/\/www.valicodeipellegrini.it\/de\/wp-json\/wp\/v2\/media?parent=6742"}],"curies":[{"name":"wp","href":"https:\/\/api.w.org\/{rel}","templated":true}]}}